{"id":1006,"date":"2026-03-23T23:07:18","date_gmt":"2026-03-23T21:07:18","guid":{"rendered":"https:\/\/puntoepasta.fi\/?page_id=1006"},"modified":"2026-03-23T23:08:20","modified_gmt":"2026-03-23T21:08:20","slug":"tilaus-ja-toimitusehdot","status":"publish","type":"page","link":"https:\/\/puntoepasta.fi\/en\/tilaus-ja-toimitusehdot\/","title":{"rendered":"Tilaus- ja toimitusehdot"},"content":{"rendered":"<p>Kaikki verkkokaupassa myyt\u00e4v\u00e4t tuotteet ovat s\u00e4hk\u00f6isi\u00e4 lahjakortteja ravintolaan.<\/p>\n<h2><b>Toimitustapa<\/b><\/h2>\n<p>Lahjakortti toimitetaan asiakkaan ilmoittamaan s\u00e4hk\u00f6postiosoitteeseen tilauksen yhteydess\u00e4. Toimitus tapahtuu automaattisesti maksun vahvistuttua tai asiakkaan valitsemana p\u00e4iv\u00e4m\u00e4\u00e4r\u00e4n\u00e4.<\/p>\n<h2><strong>Payment methods<\/strong><\/h2>\n<p class=\"Standard\">Maksunv\u00e4lityspalvelun toteuttajana ja maksupalveluntarjoajana toimii Flatpay ApS Sivuliike (3327270-7) yhteisty\u00f6ss\u00e4 suomalaisten pankkien ja luottolaitosten kanssa. Flatpay ApS Sivuliike n\u00e4kyy maksun saajana tiliotteella tai korttilaskulla ja v\u00e4litt\u00e4\u00e4 maksun kauppiaalle. Flatpay ApS Sivuliike:ll\u00e4 on maksulaitoksen toimilupa.<\/p>\n<p class=\"Standard\">Reklamaatiotapauksissa pyyd\u00e4mme ottamaan ensisijaisesti yhteytt\u00e4 tuotteen toimittajaan.<\/p>\n<p class=\"Standard\">Flatpay ApS Sivuliike,<br \/>\ny-tunnus: 3327270-7<br \/>\nKutomotie 2 3.krs,<br \/>\n00380 Helsinki<\/p>\n<p class=\"Standard\">Verkkomaksamiseen liittyv\u00e4n maksunv\u00e4lityspalvelun toteuttaa Flatpay ApS Sivuliike (3327270-7) yhteisty\u00f6ss\u00e4 suomalaisten pankkien ja luottolaitosten kanssa. K\u00e4yt\u00f6ss\u00e4 olevat korttityypit ovat Visa, Mastercard, Apple Pay, Google Pay, Maestro &amp; Visa Electron.<\/p>\n<h2><b>Toimitusaika<\/b><\/h2>\n<p>Lahjakortti toimitetaan yleens\u00e4 v\u00e4litt\u00f6m\u00e4sti maksun j\u00e4lkeen tai asiakkaan valitsemana p\u00e4iv\u00e4m\u00e4\u00e4r\u00e4n\u00e4. Tarkastathan roskapostikansion, mik\u00e4li lahjakortti ei ole saapunut 10 minuutin sis\u00e4ll\u00e4 s\u00e4hk\u00f6postiin.<\/p>\n<h2><b>Toimituskulut<\/b><\/h2>\n<p>S\u00e4hk\u00f6isell\u00e4 lahjakortilla ei ole toimituskuluja.<\/p>\n<h2><b>Lahjakortin k\u00e4ytt\u00f6<\/b><\/h2>\n<p>Lahjakortti on k\u00e4ytett\u00e4viss\u00e4 maksuv\u00e4lineen\u00e4 ravintolassa. Lahjakortti tulee esitt\u00e4\u00e4 maksun yhteydess\u00e4 joko tulostettuna tai mobiililaitteelta.<\/p>\n<h2><b>Voimassaoloaika<\/b><\/h2>\n<p>Lahjakortti on voimassa 3 kuukautta ostop\u00e4iv\u00e4st\u00e4\/toimitusp\u00e4iv\u00e4st\u00e4, ellei toisin mainita.<\/p>\n<h2><b>Palautusoikeus<\/b><\/h2>\n<p>Digitaalisilla lahjakorteilla ei ole palautusoikeutta sen j\u00e4lkeen, kun lahjakortti on toimitettu asiakkaalle, ellei kyseess\u00e4 ole virheellinen toimitus.<\/p>\n<h2><b>Ongelmatilanteet<\/b><\/h2>\n<p>Mik\u00e4li et ole saanut lahjakorttia toimitusajan puitteissa, tarkistathan roskapostikansion. Tarvittaessa ota yhteytt\u00e4 asiakaspalveluun: <a href=\"mailto:info@lapasteria.fi\">info@lapasteria.fi<\/a>.<\/p>","protected":false},"excerpt":{"rendered":"<p>Kaikki verkkokaupassa myyt\u00e4v\u00e4t tuotteet ovat s\u00e4hk\u00f6isi\u00e4 lahjakortteja ravintolaan. Toimitustapa Lahjakortti toimitetaan asiakkaan ilmoittamaan s\u00e4hk\u00f6postiosoitteeseen tilauksen yhteydess\u00e4. Toimitus tapahtuu automaattisesti maksun vahvistuttua tai asiakkaan valitsemana p\u00e4iv\u00e4m\u00e4\u00e4r\u00e4n\u00e4. Maksutavat Maksunv\u00e4lityspalvelun toteuttajana ja maksupalveluntarjoajana toimii Flatpay ApS Sivuliike (3327270-7) yhteisty\u00f6ss\u00e4 suomalaisten pankkien ja luottolaitosten kanssa. Flatpay ApS Sivuliike n\u00e4kyy maksun saajana tiliotteella tai korttilaskulla ja v\u00e4litt\u00e4\u00e4 maksun kauppiaalle. Flatpay [&hellip;]<\/p>\n","protected":false},"author":1,"featured_media":0,"parent":0,"menu_order":0,"comment_status":"closed","ping_status":"closed","template":"","meta":{"_acf_changed":false,"footnotes":""},"class_list":["post-1006","page","type-page","status-publish","hentry"],"acf":[],"yoast_head":"<!-- This site is optimized with the Yoast SEO plugin v27.3 - https:\/\/yoast.com\/product\/yoast-seo-wordpress\/ -->\n<title>Tilaus- ja toimitusehdot | Punto e Pasta | Pala Italiaa Vantaan Tikkurilassa<\/title>\n<meta name=\"robots\" content=\"index, follow, max-snippet:-1, max-image-preview:large, max-video-preview:-1\" \/>\n<link rel=\"canonical\" href=\"https:\/\/puntoepasta.fi\/en\/tilaus-ja-toimitusehdot\/\" \/>\n<meta property=\"og:locale\" content=\"en_GB\" \/>\n<meta property=\"og:type\" content=\"article\" \/>\n<meta property=\"og:title\" content=\"Tilaus- ja toimitusehdot | Punto e Pasta | Pala Italiaa Vantaan Tikkurilassa\" \/>\n<meta property=\"og:description\" content=\"Kaikki verkkokaupassa myyt\u00e4v\u00e4t tuotteet ovat s\u00e4hk\u00f6isi\u00e4 lahjakortteja ravintolaan. Toimitustapa Lahjakortti toimitetaan asiakkaan ilmoittamaan s\u00e4hk\u00f6postiosoitteeseen tilauksen yhteydess\u00e4. Toimitus tapahtuu automaattisesti maksun vahvistuttua tai asiakkaan valitsemana p\u00e4iv\u00e4m\u00e4\u00e4r\u00e4n\u00e4. Maksutavat Maksunv\u00e4lityspalvelun toteuttajana ja maksupalveluntarjoajana toimii Flatpay ApS Sivuliike (3327270-7) yhteisty\u00f6ss\u00e4 suomalaisten pankkien ja luottolaitosten kanssa. Flatpay ApS Sivuliike n\u00e4kyy maksun saajana tiliotteella tai korttilaskulla ja v\u00e4litt\u00e4\u00e4 maksun kauppiaalle. Flatpay [&hellip;]\" \/>\n<meta property=\"og:url\" content=\"https:\/\/puntoepasta.fi\/en\/tilaus-ja-toimitusehdot\/\" \/>\n<meta property=\"og:site_name\" content=\"Punto e Pasta\" \/>\n<meta property=\"article:publisher\" content=\"https:\/\/www.facebook.com\/lapasteriaitaliana\/?locale=fi_FI\" \/>\n<meta property=\"article:modified_time\" content=\"2026-03-23T21:08:20+00:00\" \/>\n<meta property=\"og:image\" content=\"https:\/\/puntoepasta.fi\/wp-content\/uploads\/2026\/03\/punto-e-pasta-kuvituskuva-01.jpg\" \/>\n\t<meta property=\"og:image:width\" content=\"1316\" \/>\n\t<meta property=\"og:image:height\" content=\"1007\" \/>\n\t<meta property=\"og:image:type\" content=\"image\/jpeg\" \/>\n<meta name=\"twitter:card\" content=\"summary_large_image\" \/>\n<meta name=\"twitter:label1\" content=\"Estimated reading time\" \/>\n\t<meta name=\"twitter:data1\" content=\"2 minutes\" \/>\n<script type=\"application\/ld+json\" class=\"yoast-schema-graph\">{\"@context\":\"https:\\\/\\\/schema.org\",\"@graph\":[{\"@type\":\"WebPage\",\"@id\":\"https:\\\/\\\/puntoepasta.fi\\\/tilaus-ja-toimitusehdot\\\/\",\"url\":\"https:\\\/\\\/puntoepasta.fi\\\/tilaus-ja-toimitusehdot\\\/\",\"name\":\"Tilaus- ja toimitusehdot | Punto e Pasta | Pala Italiaa Vantaan Tikkurilassa\",\"isPartOf\":{\"@id\":\"https:\\\/\\\/puntoepasta.fi\\\/#website\"},\"datePublished\":\"2026-03-23T21:07:18+00:00\",\"dateModified\":\"2026-03-23T21:08:20+00:00\",\"breadcrumb\":{\"@id\":\"https:\\\/\\\/puntoepasta.fi\\\/tilaus-ja-toimitusehdot\\\/#breadcrumb\"},\"inLanguage\":\"en-GB\",\"potentialAction\":[{\"@type\":\"ReadAction\",\"target\":[\"https:\\\/\\\/puntoepasta.fi\\\/tilaus-ja-toimitusehdot\\\/\"]}]},{\"@type\":\"BreadcrumbList\",\"@id\":\"https:\\\/\\\/puntoepasta.fi\\\/tilaus-ja-toimitusehdot\\\/#breadcrumb\",\"itemListElement\":[{\"@type\":\"ListItem\",\"position\":1,\"name\":\"Etusivu\",\"item\":\"https:\\\/\\\/puntoepasta.fi\\\/\"},{\"@type\":\"ListItem\",\"position\":2,\"name\":\"Tilaus- ja toimitusehdot\"}]},{\"@type\":\"WebSite\",\"@id\":\"https:\\\/\\\/puntoepasta.fi\\\/#website\",\"url\":\"https:\\\/\\\/puntoepasta.fi\\\/\",\"name\":\"Punto e Pasta\",\"description\":\"Pala Italiaa Vantaan  Tikkurilassa.\",\"publisher\":{\"@id\":\"https:\\\/\\\/puntoepasta.fi\\\/#organization\"},\"potentialAction\":[{\"@type\":\"SearchAction\",\"target\":{\"@type\":\"EntryPoint\",\"urlTemplate\":\"https:\\\/\\\/puntoepasta.fi\\\/?s={search_term_string}\"},\"query-input\":{\"@type\":\"PropertyValueSpecification\",\"valueRequired\":true,\"valueName\":\"search_term_string\"}}],\"inLanguage\":\"en-GB\"},{\"@type\":\"Organization\",\"@id\":\"https:\\\/\\\/puntoepasta.fi\\\/#organization\",\"name\":\"Punto e Pasta\",\"url\":\"https:\\\/\\\/puntoepasta.fi\\\/\",\"logo\":{\"@type\":\"ImageObject\",\"inLanguage\":\"en-GB\",\"@id\":\"https:\\\/\\\/puntoepasta.fi\\\/#\\\/schema\\\/logo\\\/image\\\/\",\"url\":\"https:\\\/\\\/puntoepasta.fi\\\/wp-content\\\/uploads\\\/2026\\\/03\\\/Punto-e-pasta-6.jpg\",\"contentUrl\":\"https:\\\/\\\/puntoepasta.fi\\\/wp-content\\\/uploads\\\/2026\\\/03\\\/Punto-e-pasta-6.jpg\",\"width\":2048,\"height\":1366,\"caption\":\"Punto e Pasta\"},\"image\":{\"@id\":\"https:\\\/\\\/puntoepasta.fi\\\/#\\\/schema\\\/logo\\\/image\\\/\"},\"sameAs\":[\"https:\\\/\\\/www.facebook.com\\\/lapasteriaitaliana\\\/?locale=fi_FI\",\"https:\\\/\\\/www.instagram.com\\\/puntoepastatikkurila\\\/?hl=fi#\"]}]}<\/script>\n<!-- \/ Yoast SEO plugin. -->","yoast_head_json":{"title":"Tilaus- ja toimitusehdot | Punto e Pasta | Pala Italiaa Vantaan Tikkurilassa","robots":{"index":"index","follow":"follow","max-snippet":"max-snippet:-1","max-image-preview":"max-image-preview:large","max-video-preview":"max-video-preview:-1"},"canonical":"https:\/\/puntoepasta.fi\/en\/tilaus-ja-toimitusehdot\/","og_locale":"en_GB","og_type":"article","og_title":"Tilaus- ja toimitusehdot | Punto e Pasta | Pala Italiaa Vantaan Tikkurilassa","og_description":"Kaikki verkkokaupassa myyt\u00e4v\u00e4t tuotteet ovat s\u00e4hk\u00f6isi\u00e4 lahjakortteja ravintolaan. Toimitustapa Lahjakortti toimitetaan asiakkaan ilmoittamaan s\u00e4hk\u00f6postiosoitteeseen tilauksen yhteydess\u00e4. Toimitus tapahtuu automaattisesti maksun vahvistuttua tai asiakkaan valitsemana p\u00e4iv\u00e4m\u00e4\u00e4r\u00e4n\u00e4. Maksutavat Maksunv\u00e4lityspalvelun toteuttajana ja maksupalveluntarjoajana toimii Flatpay ApS Sivuliike (3327270-7) yhteisty\u00f6ss\u00e4 suomalaisten pankkien ja luottolaitosten kanssa. Flatpay ApS Sivuliike n\u00e4kyy maksun saajana tiliotteella tai korttilaskulla ja v\u00e4litt\u00e4\u00e4 maksun kauppiaalle. Flatpay [&hellip;]","og_url":"https:\/\/puntoepasta.fi\/en\/tilaus-ja-toimitusehdot\/","og_site_name":"Punto e Pasta","article_publisher":"https:\/\/www.facebook.com\/lapasteriaitaliana\/?locale=fi_FI","article_modified_time":"2026-03-23T21:08:20+00:00","og_image":[{"width":1316,"height":1007,"url":"https:\/\/puntoepasta.fi\/wp-content\/uploads\/2026\/03\/punto-e-pasta-kuvituskuva-01.jpg","type":"image\/jpeg"}],"twitter_card":"summary_large_image","twitter_misc":{"Estimated reading time":"2 minutes"},"schema":{"@context":"https:\/\/schema.org","@graph":[{"@type":"WebPage","@id":"https:\/\/puntoepasta.fi\/tilaus-ja-toimitusehdot\/","url":"https:\/\/puntoepasta.fi\/tilaus-ja-toimitusehdot\/","name":"Tilaus- ja toimitusehdot | Punto e Pasta | Pala Italiaa Vantaan Tikkurilassa","isPartOf":{"@id":"https:\/\/puntoepasta.fi\/#website"},"datePublished":"2026-03-23T21:07:18+00:00","dateModified":"2026-03-23T21:08:20+00:00","breadcrumb":{"@id":"https:\/\/puntoepasta.fi\/tilaus-ja-toimitusehdot\/#breadcrumb"},"inLanguage":"en-GB","potentialAction":[{"@type":"ReadAction","target":["https:\/\/puntoepasta.fi\/tilaus-ja-toimitusehdot\/"]}]},{"@type":"BreadcrumbList","@id":"https:\/\/puntoepasta.fi\/tilaus-ja-toimitusehdot\/#breadcrumb","itemListElement":[{"@type":"ListItem","position":1,"name":"Etusivu","item":"https:\/\/puntoepasta.fi\/"},{"@type":"ListItem","position":2,"name":"Tilaus- ja toimitusehdot"}]},{"@type":"WebSite","@id":"https:\/\/puntoepasta.fi\/#website","url":"https:\/\/puntoepasta.fi\/","name":"Punto e Pasta","description":"Pala Italiaa Vantaan  Tikkurilassa.","publisher":{"@id":"https:\/\/puntoepasta.fi\/#organization"},"potentialAction":[{"@type":"SearchAction","target":{"@type":"EntryPoint","urlTemplate":"https:\/\/puntoepasta.fi\/?s={search_term_string}"},"query-input":{"@type":"PropertyValueSpecification","valueRequired":true,"valueName":"search_term_string"}}],"inLanguage":"en-GB"},{"@type":"Organization","@id":"https:\/\/puntoepasta.fi\/#organization","name":"Punto e Pasta","url":"https:\/\/puntoepasta.fi\/","logo":{"@type":"ImageObject","inLanguage":"en-GB","@id":"https:\/\/puntoepasta.fi\/#\/schema\/logo\/image\/","url":"https:\/\/puntoepasta.fi\/wp-content\/uploads\/2026\/03\/Punto-e-pasta-6.jpg","contentUrl":"https:\/\/puntoepasta.fi\/wp-content\/uploads\/2026\/03\/Punto-e-pasta-6.jpg","width":2048,"height":1366,"caption":"Punto e Pasta"},"image":{"@id":"https:\/\/puntoepasta.fi\/#\/schema\/logo\/image\/"},"sameAs":["https:\/\/www.facebook.com\/lapasteriaitaliana\/?locale=fi_FI","https:\/\/www.instagram.com\/puntoepastatikkurila\/?hl=fi#"]}]}},"_links":{"self":[{"href":"https:\/\/puntoepasta.fi\/en\/wp-json\/wp\/v2\/pages\/1006","targetHints":{"allow":["GET"]}}],"collection":[{"href":"https:\/\/puntoepasta.fi\/en\/wp-json\/wp\/v2\/pages"}],"about":[{"href":"https:\/\/puntoepasta.fi\/en\/wp-json\/wp\/v2\/types\/page"}],"author":[{"embeddable":true,"href":"https:\/\/puntoepasta.fi\/en\/wp-json\/wp\/v2\/users\/1"}],"replies":[{"embeddable":true,"href":"https:\/\/puntoepasta.fi\/en\/wp-json\/wp\/v2\/comments?post=1006"}],"version-history":[{"count":3,"href":"https:\/\/puntoepasta.fi\/en\/wp-json\/wp\/v2\/pages\/1006\/revisions"}],"predecessor-version":[{"id":1095,"href":"https:\/\/puntoepasta.fi\/en\/wp-json\/wp\/v2\/pages\/1006\/revisions\/1095"}],"wp:attachment":[{"href":"https:\/\/puntoepasta.fi\/en\/wp-json\/wp\/v2\/media?parent=1006"}],"curies":[{"name":"wp","href":"https:\/\/api.w.org\/{rel}","templated":true}]}}