{"id":218,"date":"2026-03-12T01:48:33","date_gmt":"2026-03-11T23:48:33","guid":{"rendered":"https:\/\/puntoepasta.fi\/?page_id=218"},"modified":"2026-04-14T10:46:27","modified_gmt":"2026-04-14T08:46:27","slug":"yksityistilaisuudet","status":"publish","type":"page","link":"https:\/\/puntoepasta.fi\/en\/yksityistilaisuudet\/","title":{"rendered":"Private Events"},"content":{"rendered":"<div data-elementor-type=\"wp-page\" data-elementor-id=\"218\" class=\"elementor elementor-218\" data-elementor-post-type=\"page\">\n\t\t\t\t<div class=\"elementor-element elementor-element-14488961 e-con-full e-flex e-con e-parent\" data-id=\"14488961\" data-element_type=\"container\" data-e-type=\"container\" data-settings=\"{&quot;background_background&quot;:&quot;classic&quot;}\">\n\t\t<div class=\"elementor-element elementor-element-1b1f4745 e-con-full e-flex e-con e-child\" data-id=\"1b1f4745\" data-element_type=\"container\" data-e-type=\"container\" data-settings=\"{&quot;background_background&quot;:&quot;classic&quot;}\">\n\t\t\t\t<div class=\"elementor-element elementor-element-42b33b30 elementor-widget-tablet__width-initial elementor-widget elementor-widget-heading\" data-id=\"42b33b30\" data-element_type=\"widget\" data-e-type=\"widget\" data-widget_type=\"heading.default\">\n\t\t\t\t\t<h2 class=\"elementor-heading-title elementor-size-default\">A Night in Italy<\/h2>\t\t\t\t<\/div>\n\t\t\t\t<div class=\"elementor-element elementor-element-1b95da60 elementor-widget elementor-widget-text-editor\" data-id=\"1b95da60\" data-element_type=\"widget\" data-e-type=\"widget\" data-widget_type=\"text-editor.default\">\n\t\t\t\t\t\t\t\t\t<p><strong>Looking for a warm and authentic place to celebrate?<\/strong><\/p>\n<p>You can host birthdays, weddings, corporate evenings, graduation parties, or an intimate dinner for your own group with us \u2013 with an Italian heart. When the restaurant is reserved just for you, the evening unfolds at a relaxed pace, centered around delicious food and wine.<\/p>\n\t\t\t\t\t\t\t\t<\/div>\n\t\t\t\t<\/div>\n\t\t<div class=\"elementor-element elementor-element-16a8146b e-con-full e-flex e-con e-child\" data-id=\"16a8146b\" data-element_type=\"container\" data-e-type=\"container\" data-settings=\"{&quot;background_background&quot;:&quot;classic&quot;}\">\n\t\t\t\t<div class=\"elementor-element elementor-element-220b795b elementor-widget elementor-widget-heading\" data-id=\"220b795b\" data-element_type=\"widget\" data-e-type=\"widget\" data-widget_type=\"heading.default\">\n\t\t\t\t\t<h1 class=\"elementor-heading-title elementor-size-default\">Private Events<\/h1>\t\t\t\t<\/div>\n\t\t\t\t<\/div>\n\t\t\t\t<\/div>\n\t\t<div class=\"elementor-element elementor-element-5cc10e87 e-con-full e-flex e-con e-parent\" data-id=\"5cc10e87\" data-element_type=\"container\" data-e-type=\"container\">\n\t\t<div class=\"elementor-element elementor-element-624a95cf e-con-full e-flex e-con e-child\" data-id=\"624a95cf\" data-element_type=\"container\" data-e-type=\"container\" data-settings=\"{&quot;background_background&quot;:&quot;classic&quot;}\">\n\t\t\t\t<\/div>\n\t\t<div class=\"elementor-element elementor-element-5168d66a e-con-full e-flex e-con e-child\" data-id=\"5168d66a\" data-element_type=\"container\" data-e-type=\"container\" data-settings=\"{&quot;background_background&quot;:&quot;classic&quot;}\">\n\t\t\t\t<div class=\"elementor-element elementor-element-2a6bbad8 elementor-widget-tablet__width-initial elementor-widget elementor-widget-heading\" data-id=\"2a6bbad8\" data-element_type=\"widget\" data-e-type=\"widget\" data-widget_type=\"heading.default\">\n\t\t\t\t\t<h2 class=\"elementor-heading-title elementor-size-default\">What do we offer<\/h2>\t\t\t\t<\/div>\n\t\t\t\t<div class=\"elementor-element elementor-element-37d056fc elementor-widget elementor-widget-text-editor\" data-id=\"37d056fc\" data-element_type=\"widget\" data-e-type=\"widget\" data-widget_type=\"text-editor.default\">\n\t\t\t\t\t\t\t\t\t<ul role=\"list\">\n<li>Customized menus<\/li>\n<li>A relaxed dinner with shared dishes<\/li>\n<li>Buffer dinner<\/li>\n<li>Wine packages<\/li>\n<li>Private use for the space, max 60 people<\/li>\n<\/ul>\n<p>Let\u2019s create the evening you wish for around a shared table. Tell us what kind of celebration you\u2019re planning, and we\u2019ll take care of the rest.<\/p>\n\t\t\t\t\t\t\t\t<\/div>\n\t\t\t\t<div class=\"elementor-element elementor-element-5b541235 elementor-align-left elementor-tablet-align-left elementor-mobile-align-justify elementor-widget elementor-widget-button\" data-id=\"5b541235\" data-element_type=\"widget\" data-e-type=\"widget\" data-widget_type=\"button.default\">\n\t\t\t\t\t\t\t\t\t\t<a class=\"elementor-button elementor-button-link elementor-size-sm\" href=\"\/en\/yhteystiedot\/#lomake\">\n\t\t\t\t\t\t<span class=\"elementor-button-content-wrapper\">\n\t\t\t\t\t\t\t\t\t<span class=\"elementor-button-text\">Request a quote \u00bb<\/span>\n\t\t\t\t\t<\/span>\n\t\t\t\t\t<\/a>\n\t\t\t\t\t\t\t\t<\/div>\n\t\t\t\t<\/div>\n\t\t\t\t<\/div>\n\t\t<div class=\"elementor-element elementor-element-1c1d8a6b e-con-full e-flex e-con e-parent\" data-id=\"1c1d8a6b\" data-element_type=\"container\" data-e-type=\"container\">\n\t\t\t\t<div class=\"elementor-element elementor-element-38530a08 elementor-widget elementor-widget-gallery\" data-id=\"38530a08\" data-element_type=\"widget\" data-e-type=\"widget\" data-settings=\"{&quot;columns_tablet&quot;:4,&quot;columns_mobile&quot;:2,&quot;gap&quot;:{&quot;unit&quot;:&quot;px&quot;,&quot;size&quot;:0,&quot;sizes&quot;:[]},&quot;gap_tablet&quot;:{&quot;unit&quot;:&quot;px&quot;,&quot;size&quot;:0,&quot;sizes&quot;:[]},&quot;gap_mobile&quot;:{&quot;unit&quot;:&quot;px&quot;,&quot;size&quot;:0,&quot;sizes&quot;:[]},&quot;aspect_ratio&quot;:&quot;1:1&quot;,&quot;gallery_layout&quot;:&quot;grid&quot;,&quot;columns&quot;:4,&quot;link_to&quot;:&quot;file&quot;,&quot;overlay_background&quot;:&quot;yes&quot;}\" data-widget_type=\"gallery.default\">\n\t\t\t\t\t\t\t<div class=\"elementor-gallery__container\">\n\t\t\t\t\t\t\t<a class=\"e-gallery-item elementor-gallery-item\" href=\"https:\/\/puntoepasta.fi\/wp-content\/uploads\/2026\/03\/punto-e-pasta-yrityksille-04.jpg\" data-elementor-open-lightbox=\"yes\" data-elementor-lightbox-slideshow=\"38530a08\" data-elementor-lightbox-title=\"punto-e-pasta-yrityksille-04\" data-e-action-hash=\"#elementor-action%3Aaction%3Dlightbox%26settings%3DeyJpZCI6MjA4LCJ1cmwiOiJodHRwczpcL1wvcHVudG9lcGFzdGEuZmlcL3dwLWNvbnRlbnRcL3VwbG9hZHNcLzIwMjZcLzAzXC9wdW50by1lLXBhc3RhLXlyaXR5a3NpbGxlLTA0LmpwZyIsInNsaWRlc2hvdyI6IjM4NTMwYTA4In0%3D\">\n\t\t\t\t\t<div class=\"e-gallery-image elementor-gallery-item__image\" data-thumbnail=\"https:\/\/puntoepasta.fi\/wp-content\/uploads\/2026\/03\/punto-e-pasta-yrityksille-04-1024x940.jpg\" data-width=\"800\" data-height=\"734\" aria-label=\"\" role=\"img\" ><\/div>\n\t\t\t\t\t\t\t\t\t\t\t<div class=\"elementor-gallery-item__overlay\"><\/div>\n\t\t\t\t\t\t\t\t\t\t\t\t\t\t<\/a>\n\t\t\t\t\t\t\t<a class=\"e-gallery-item elementor-gallery-item\" href=\"https:\/\/puntoepasta.fi\/wp-content\/uploads\/2026\/03\/punto-e-pasta-yrityksille-03.jpg\" data-elementor-open-lightbox=\"yes\" data-elementor-lightbox-slideshow=\"38530a08\" data-elementor-lightbox-title=\"punto-e-pasta-yrityksille-03\" data-e-action-hash=\"#elementor-action%3Aaction%3Dlightbox%26settings%3DeyJpZCI6MjA5LCJ1cmwiOiJodHRwczpcL1wvcHVudG9lcGFzdGEuZmlcL3dwLWNvbnRlbnRcL3VwbG9hZHNcLzIwMjZcLzAzXC9wdW50by1lLXBhc3RhLXlyaXR5a3NpbGxlLTAzLmpwZyIsInNsaWRlc2hvdyI6IjM4NTMwYTA4In0%3D\">\n\t\t\t\t\t<div class=\"e-gallery-image elementor-gallery-item__image\" data-thumbnail=\"https:\/\/puntoepasta.fi\/wp-content\/uploads\/2026\/03\/punto-e-pasta-yrityksille-03-1024x940.jpg\" data-width=\"800\" data-height=\"734\" aria-label=\"\" role=\"img\" ><\/div>\n\t\t\t\t\t\t\t\t\t\t\t<div class=\"elementor-gallery-item__overlay\"><\/div>\n\t\t\t\t\t\t\t\t\t\t\t\t\t\t<\/a>\n\t\t\t\t\t\t\t<a class=\"e-gallery-item elementor-gallery-item\" href=\"https:\/\/puntoepasta.fi\/wp-content\/uploads\/2026\/03\/punto-e-pasta-yrityksille-02.jpg\" data-elementor-open-lightbox=\"yes\" data-elementor-lightbox-slideshow=\"38530a08\" data-elementor-lightbox-title=\"punto-e-pasta-yrityksille-02\" data-e-action-hash=\"#elementor-action%3Aaction%3Dlightbox%26settings%3DeyJpZCI6MjEwLCJ1cmwiOiJodHRwczpcL1wvcHVudG9lcGFzdGEuZmlcL3dwLWNvbnRlbnRcL3VwbG9hZHNcLzIwMjZcLzAzXC9wdW50by1lLXBhc3RhLXlyaXR5a3NpbGxlLTAyLmpwZyIsInNsaWRlc2hvdyI6IjM4NTMwYTA4In0%3D\">\n\t\t\t\t\t<div class=\"e-gallery-image elementor-gallery-item__image\" data-thumbnail=\"https:\/\/puntoepasta.fi\/wp-content\/uploads\/2026\/03\/punto-e-pasta-yrityksille-02-1024x940.jpg\" data-width=\"800\" data-height=\"734\" aria-label=\"\" role=\"img\" ><\/div>\n\t\t\t\t\t\t\t\t\t\t\t<div class=\"elementor-gallery-item__overlay\"><\/div>\n\t\t\t\t\t\t\t\t\t\t\t\t\t\t<\/a>\n\t\t\t\t\t\t\t<a class=\"e-gallery-item elementor-gallery-item\" href=\"https:\/\/puntoepasta.fi\/wp-content\/uploads\/2026\/03\/punto-e-pasta-yrityksille-01.jpg\" data-elementor-open-lightbox=\"yes\" data-elementor-lightbox-slideshow=\"38530a08\" data-elementor-lightbox-title=\"punto-e-pasta-yrityksille-01\" data-e-action-hash=\"#elementor-action%3Aaction%3Dlightbox%26settings%3DeyJpZCI6MjExLCJ1cmwiOiJodHRwczpcL1wvcHVudG9lcGFzdGEuZmlcL3dwLWNvbnRlbnRcL3VwbG9hZHNcLzIwMjZcLzAzXC9wdW50by1lLXBhc3RhLXlyaXR5a3NpbGxlLTAxLmpwZyIsInNsaWRlc2hvdyI6IjM4NTMwYTA4In0%3D\">\n\t\t\t\t\t<div class=\"e-gallery-image elementor-gallery-item__image\" data-thumbnail=\"https:\/\/puntoepasta.fi\/wp-content\/uploads\/2026\/03\/punto-e-pasta-yrityksille-01-1024x940.jpg\" data-width=\"800\" data-height=\"734\" aria-label=\"\" role=\"img\" ><\/div>\n\t\t\t\t\t\t\t\t\t\t\t<div class=\"elementor-gallery-item__overlay\"><\/div>\n\t\t\t\t\t\t\t\t\t\t\t\t\t\t<\/a>\n\t\t\t\t\t<\/div>\n\t\t\t\t\t<\/div>\n\t\t\t\t<\/div>\n\t\t<div class=\"elementor-element elementor-element-9b4b957 e-con-full e-flex e-con e-parent\" data-id=\"9b4b957\" data-element_type=\"container\" data-e-type=\"container\" data-settings=\"{&quot;background_background&quot;:&quot;classic&quot;}\">\n\t\t<div class=\"elementor-element elementor-element-5fbb3db5 e-con-full e-flex e-con e-child\" data-id=\"5fbb3db5\" data-element_type=\"container\" data-e-type=\"container\">\n\t\t\t\t<div class=\"elementor-element elementor-element-2fedec86 elementor-widget-tablet__width-initial elementor-widget__width-initial elementor-widget elementor-widget-heading\" data-id=\"2fedec86\" data-element_type=\"widget\" data-e-type=\"widget\" data-widget_type=\"heading.default\">\n\t\t\t\t\t<h2 class=\"elementor-heading-title elementor-size-default\">A piece of Italy based on your wishes<\/h2>\t\t\t\t<\/div>\n\t\t\t\t<div class=\"elementor-element elementor-element-2a2c1876 elementor-widget elementor-widget-text-editor\" data-id=\"2a2c1876\" data-element_type=\"widget\" data-e-type=\"widget\" data-widget_type=\"text-editor.default\">\n\t\t\t\t\t\t\t\t\t<p class=\"translation-block\">Imagine an evening where glasses clink, laughter fills the room, appetizers are shared at the table, and the kitchen brings fresh pasta straight from the pan.<\/p>\n<p>Let\u2019s create the evening you wish for around a shared table. Tell us what kind of celebration you\u2019re planning, and we\u2019ll take care of the rest.<\/p>\n\t\t\t\t\t\t\t\t<\/div>\n\t\t<div class=\"elementor-element elementor-element-27c06048 e-con-full e-flex e-con e-child\" data-id=\"27c06048\" data-element_type=\"container\" data-e-type=\"container\">\n\t\t\t\t<div class=\"elementor-element elementor-element-7bf4f022 elementor-align-left elementor-tablet-align-left elementor-mobile-align-justify elementor-widget elementor-widget-button\" data-id=\"7bf4f022\" data-element_type=\"widget\" data-e-type=\"widget\" data-widget_type=\"button.default\">\n\t\t\t\t\t\t\t\t\t\t<a class=\"elementor-button elementor-button-link elementor-size-sm\" href=\"\/en\/yhteystiedot\/#lomake\">\n\t\t\t\t\t\t<span class=\"elementor-button-content-wrapper\">\n\t\t\t\t\t\t\t\t\t<span class=\"elementor-button-text\">Request a quote \u00bb<\/span>\n\t\t\t\t\t<\/span>\n\t\t\t\t\t<\/a>\n\t\t\t\t\t\t\t\t<\/div>\n\t\t\t\t<\/div>\n\t\t\t\t<\/div>\n\t\t<div class=\"elementor-element elementor-element-17606124 e-con-full e-flex e-con e-child\" data-id=\"17606124\" data-element_type=\"container\" data-e-type=\"container\">\n\t\t\t\t<div class=\"elementor-element elementor-element-1dc615ee elementor-widget elementor-widget-image\" data-id=\"1dc615ee\" data-element_type=\"widget\" data-e-type=\"widget\" data-widget_type=\"image.default\">\n\t\t\t\t\t\t\t\t\t\t\t\t\t\t\t<img fetchpriority=\"high\" decoding=\"async\" width=\"1316\" height=\"1007\" src=\"https:\/\/puntoepasta.fi\/wp-content\/uploads\/2026\/03\/punto-e-pasta-kuvituskuva-01.jpg\" class=\"attachment-full size-full wp-image-88\" alt=\"\" srcset=\"https:\/\/puntoepasta.fi\/wp-content\/uploads\/2026\/03\/punto-e-pasta-kuvituskuva-01.jpg 1316w, https:\/\/puntoepasta.fi\/wp-content\/uploads\/2026\/03\/punto-e-pasta-kuvituskuva-01-600x459.jpg 600w, https:\/\/puntoepasta.fi\/wp-content\/uploads\/2026\/03\/punto-e-pasta-kuvituskuva-01-300x230.jpg 300w, https:\/\/puntoepasta.fi\/wp-content\/uploads\/2026\/03\/punto-e-pasta-kuvituskuva-01-1024x784.jpg 1024w, https:\/\/puntoepasta.fi\/wp-content\/uploads\/2026\/03\/punto-e-pasta-kuvituskuva-01-768x588.jpg 768w\" sizes=\"(max-width: 1316px) 100vw, 1316px\" \/>\t\t\t\t\t\t\t\t\t\t\t\t\t\t\t<\/div>\n\t\t\t\t<\/div>\n\t\t\t\t<\/div>\n\t\t\t\t<\/div>","protected":false},"excerpt":{"rendered":"<p>Pyyd\u00e4 tarjous \u00bb Pyyd\u00e4 tarjous \u00bb<\/p>","protected":false},"author":1,"featured_media":0,"parent":0,"menu_order":0,"comment_status":"closed","ping_status":"closed","template":"","meta":{"_acf_changed":false,"footnotes":""},"class_list":["post-218","page","type-page","status-publish","hentry"],"acf":[],"yoast_head":"<!-- This site is optimized with the Yoast SEO plugin v27.3 - https:\/\/yoast.com\/product\/yoast-seo-wordpress\/ -->\n<title>Yksityistilaisuudet | Punto e Pasta | Pala Italiaa Vantaan Tikkurilassa<\/title>\n<meta name=\"description\" content=\"Meill\u00e4 voit j\u00e4rjest\u00e4\u00e4 syntym\u00e4p\u00e4iv\u00e4t, h\u00e4\u00e4t, yritysillat, valmistujaiset tai intiimin illallisen omalle seurueellesi. Kysy lis\u00e4\u00e4!\" \/>\n<meta name=\"robots\" content=\"index, follow, max-snippet:-1, max-image-preview:large, max-video-preview:-1\" \/>\n<link rel=\"canonical\" href=\"https:\/\/puntoepasta.fi\/en\/yksityistilaisuudet\/\" \/>\n<meta property=\"og:locale\" content=\"en_GB\" \/>\n<meta property=\"og:type\" content=\"article\" \/>\n<meta property=\"og:title\" content=\"Yksityistilaisuudet | Punto e Pasta | Pala Italiaa Vantaan Tikkurilassa\" \/>\n<meta property=\"og:description\" content=\"Meill\u00e4 voit j\u00e4rjest\u00e4\u00e4 syntym\u00e4p\u00e4iv\u00e4t, h\u00e4\u00e4t, yritysillat, valmistujaiset tai intiimin illallisen omalle seurueellesi. Kysy lis\u00e4\u00e4!\" \/>\n<meta property=\"og:url\" content=\"https:\/\/puntoepasta.fi\/en\/yksityistilaisuudet\/\" \/>\n<meta property=\"og:site_name\" content=\"Punto e Pasta\" \/>\n<meta property=\"article:publisher\" content=\"https:\/\/www.facebook.com\/lapasteriaitaliana\/?locale=fi_FI\" \/>\n<meta property=\"article:modified_time\" content=\"2026-04-14T08:46:27+00:00\" \/>\n<meta property=\"og:image\" content=\"https:\/\/puntoepasta.fi\/wp-content\/uploads\/2026\/03\/punto-e-pasta-kuvituskuva-01.jpg\" \/>\n<meta name=\"twitter:card\" content=\"summary_large_image\" \/>\n<meta name=\"twitter:label1\" content=\"Estimated reading time\" \/>\n\t<meta name=\"twitter:data1\" content=\"1 minute\" \/>\n<script type=\"application\/ld+json\" class=\"yoast-schema-graph\">{\"@context\":\"https:\\\/\\\/schema.org\",\"@graph\":[{\"@type\":\"WebPage\",\"@id\":\"https:\\\/\\\/puntoepasta.fi\\\/yksityistilaisuudet\\\/\",\"url\":\"https:\\\/\\\/puntoepasta.fi\\\/yksityistilaisuudet\\\/\",\"name\":\"Yksityistilaisuudet | Punto e Pasta | Pala Italiaa Vantaan Tikkurilassa\",\"isPartOf\":{\"@id\":\"https:\\\/\\\/puntoepasta.fi\\\/#website\"},\"primaryImageOfPage\":{\"@id\":\"https:\\\/\\\/puntoepasta.fi\\\/yksityistilaisuudet\\\/#primaryimage\"},\"image\":{\"@id\":\"https:\\\/\\\/puntoepasta.fi\\\/yksityistilaisuudet\\\/#primaryimage\"},\"thumbnailUrl\":\"https:\\\/\\\/puntoepasta.fi\\\/wp-content\\\/uploads\\\/2026\\\/03\\\/punto-e-pasta-kuvituskuva-01.jpg\",\"datePublished\":\"2026-03-11T23:48:33+00:00\",\"dateModified\":\"2026-04-14T08:46:27+00:00\",\"description\":\"Meill\u00e4 voit j\u00e4rjest\u00e4\u00e4 syntym\u00e4p\u00e4iv\u00e4t, h\u00e4\u00e4t, yritysillat, valmistujaiset tai intiimin illallisen omalle seurueellesi. Kysy lis\u00e4\u00e4!\",\"breadcrumb\":{\"@id\":\"https:\\\/\\\/puntoepasta.fi\\\/yksityistilaisuudet\\\/#breadcrumb\"},\"inLanguage\":\"en-GB\",\"potentialAction\":[{\"@type\":\"ReadAction\",\"target\":[\"https:\\\/\\\/puntoepasta.fi\\\/yksityistilaisuudet\\\/\"]}]},{\"@type\":\"ImageObject\",\"inLanguage\":\"en-GB\",\"@id\":\"https:\\\/\\\/puntoepasta.fi\\\/yksityistilaisuudet\\\/#primaryimage\",\"url\":\"https:\\\/\\\/puntoepasta.fi\\\/wp-content\\\/uploads\\\/2026\\\/03\\\/punto-e-pasta-kuvituskuva-01.jpg\",\"contentUrl\":\"https:\\\/\\\/puntoepasta.fi\\\/wp-content\\\/uploads\\\/2026\\\/03\\\/punto-e-pasta-kuvituskuva-01.jpg\"},{\"@type\":\"BreadcrumbList\",\"@id\":\"https:\\\/\\\/puntoepasta.fi\\\/yksityistilaisuudet\\\/#breadcrumb\",\"itemListElement\":[{\"@type\":\"ListItem\",\"position\":1,\"name\":\"Etusivu\",\"item\":\"https:\\\/\\\/puntoepasta.fi\\\/\"},{\"@type\":\"ListItem\",\"position\":2,\"name\":\"Yksityistilaisuudet\"}]},{\"@type\":\"WebSite\",\"@id\":\"https:\\\/\\\/puntoepasta.fi\\\/#website\",\"url\":\"https:\\\/\\\/puntoepasta.fi\\\/\",\"name\":\"Punto e Pasta\",\"description\":\"Pala Italiaa Vantaan  Tikkurilassa.\",\"publisher\":{\"@id\":\"https:\\\/\\\/puntoepasta.fi\\\/#organization\"},\"potentialAction\":[{\"@type\":\"SearchAction\",\"target\":{\"@type\":\"EntryPoint\",\"urlTemplate\":\"https:\\\/\\\/puntoepasta.fi\\\/?s={search_term_string}\"},\"query-input\":{\"@type\":\"PropertyValueSpecification\",\"valueRequired\":true,\"valueName\":\"search_term_string\"}}],\"inLanguage\":\"en-GB\"},{\"@type\":\"Organization\",\"@id\":\"https:\\\/\\\/puntoepasta.fi\\\/#organization\",\"name\":\"Punto e Pasta\",\"url\":\"https:\\\/\\\/puntoepasta.fi\\\/\",\"logo\":{\"@type\":\"ImageObject\",\"inLanguage\":\"en-GB\",\"@id\":\"https:\\\/\\\/puntoepasta.fi\\\/#\\\/schema\\\/logo\\\/image\\\/\",\"url\":\"https:\\\/\\\/puntoepasta.fi\\\/wp-content\\\/uploads\\\/2026\\\/03\\\/Punto-e-pasta-6.jpg\",\"contentUrl\":\"https:\\\/\\\/puntoepasta.fi\\\/wp-content\\\/uploads\\\/2026\\\/03\\\/Punto-e-pasta-6.jpg\",\"width\":2048,\"height\":1366,\"caption\":\"Punto e Pasta\"},\"image\":{\"@id\":\"https:\\\/\\\/puntoepasta.fi\\\/#\\\/schema\\\/logo\\\/image\\\/\"},\"sameAs\":[\"https:\\\/\\\/www.facebook.com\\\/lapasteriaitaliana\\\/?locale=fi_FI\",\"https:\\\/\\\/www.instagram.com\\\/puntoepastatikkurila\\\/?hl=fi#\"]}]}<\/script>\n<!-- \/ Yoast SEO plugin. -->","yoast_head_json":{"title":"Yksityistilaisuudet | Punto e Pasta | Pala Italiaa Vantaan Tikkurilassa","description":"Meill\u00e4 voit j\u00e4rjest\u00e4\u00e4 syntym\u00e4p\u00e4iv\u00e4t, h\u00e4\u00e4t, yritysillat, valmistujaiset tai intiimin illallisen omalle seurueellesi. Kysy lis\u00e4\u00e4!","robots":{"index":"index","follow":"follow","max-snippet":"max-snippet:-1","max-image-preview":"max-image-preview:large","max-video-preview":"max-video-preview:-1"},"canonical":"https:\/\/puntoepasta.fi\/en\/yksityistilaisuudet\/","og_locale":"en_GB","og_type":"article","og_title":"Yksityistilaisuudet | Punto e Pasta | Pala Italiaa Vantaan Tikkurilassa","og_description":"Meill\u00e4 voit j\u00e4rjest\u00e4\u00e4 syntym\u00e4p\u00e4iv\u00e4t, h\u00e4\u00e4t, yritysillat, valmistujaiset tai intiimin illallisen omalle seurueellesi. Kysy lis\u00e4\u00e4!","og_url":"https:\/\/puntoepasta.fi\/en\/yksityistilaisuudet\/","og_site_name":"Punto e Pasta","article_publisher":"https:\/\/www.facebook.com\/lapasteriaitaliana\/?locale=fi_FI","article_modified_time":"2026-04-14T08:46:27+00:00","og_image":[{"url":"https:\/\/puntoepasta.fi\/wp-content\/uploads\/2026\/03\/punto-e-pasta-kuvituskuva-01.jpg","type":"","width":"","height":""}],"twitter_card":"summary_large_image","twitter_misc":{"Estimated reading time":"1 minute"},"schema":{"@context":"https:\/\/schema.org","@graph":[{"@type":"WebPage","@id":"https:\/\/puntoepasta.fi\/yksityistilaisuudet\/","url":"https:\/\/puntoepasta.fi\/yksityistilaisuudet\/","name":"Yksityistilaisuudet | Punto e Pasta | Pala Italiaa Vantaan Tikkurilassa","isPartOf":{"@id":"https:\/\/puntoepasta.fi\/#website"},"primaryImageOfPage":{"@id":"https:\/\/puntoepasta.fi\/yksityistilaisuudet\/#primaryimage"},"image":{"@id":"https:\/\/puntoepasta.fi\/yksityistilaisuudet\/#primaryimage"},"thumbnailUrl":"https:\/\/puntoepasta.fi\/wp-content\/uploads\/2026\/03\/punto-e-pasta-kuvituskuva-01.jpg","datePublished":"2026-03-11T23:48:33+00:00","dateModified":"2026-04-14T08:46:27+00:00","description":"Meill\u00e4 voit j\u00e4rjest\u00e4\u00e4 syntym\u00e4p\u00e4iv\u00e4t, h\u00e4\u00e4t, yritysillat, valmistujaiset tai intiimin illallisen omalle seurueellesi. Kysy lis\u00e4\u00e4!","breadcrumb":{"@id":"https:\/\/puntoepasta.fi\/yksityistilaisuudet\/#breadcrumb"},"inLanguage":"en-GB","potentialAction":[{"@type":"ReadAction","target":["https:\/\/puntoepasta.fi\/yksityistilaisuudet\/"]}]},{"@type":"ImageObject","inLanguage":"en-GB","@id":"https:\/\/puntoepasta.fi\/yksityistilaisuudet\/#primaryimage","url":"https:\/\/puntoepasta.fi\/wp-content\/uploads\/2026\/03\/punto-e-pasta-kuvituskuva-01.jpg","contentUrl":"https:\/\/puntoepasta.fi\/wp-content\/uploads\/2026\/03\/punto-e-pasta-kuvituskuva-01.jpg"},{"@type":"BreadcrumbList","@id":"https:\/\/puntoepasta.fi\/yksityistilaisuudet\/#breadcrumb","itemListElement":[{"@type":"ListItem","position":1,"name":"Etusivu","item":"https:\/\/puntoepasta.fi\/"},{"@type":"ListItem","position":2,"name":"Yksityistilaisuudet"}]},{"@type":"WebSite","@id":"https:\/\/puntoepasta.fi\/#website","url":"https:\/\/puntoepasta.fi\/","name":"Punto e Pasta","description":"Pala Italiaa Vantaan  Tikkurilassa.","publisher":{"@id":"https:\/\/puntoepasta.fi\/#organization"},"potentialAction":[{"@type":"SearchAction","target":{"@type":"EntryPoint","urlTemplate":"https:\/\/puntoepasta.fi\/?s={search_term_string}"},"query-input":{"@type":"PropertyValueSpecification","valueRequired":true,"valueName":"search_term_string"}}],"inLanguage":"en-GB"},{"@type":"Organization","@id":"https:\/\/puntoepasta.fi\/#organization","name":"Punto e Pasta","url":"https:\/\/puntoepasta.fi\/","logo":{"@type":"ImageObject","inLanguage":"en-GB","@id":"https:\/\/puntoepasta.fi\/#\/schema\/logo\/image\/","url":"https:\/\/puntoepasta.fi\/wp-content\/uploads\/2026\/03\/Punto-e-pasta-6.jpg","contentUrl":"https:\/\/puntoepasta.fi\/wp-content\/uploads\/2026\/03\/Punto-e-pasta-6.jpg","width":2048,"height":1366,"caption":"Punto e Pasta"},"image":{"@id":"https:\/\/puntoepasta.fi\/#\/schema\/logo\/image\/"},"sameAs":["https:\/\/www.facebook.com\/lapasteriaitaliana\/?locale=fi_FI","https:\/\/www.instagram.com\/puntoepastatikkurila\/?hl=fi#"]}]}},"_links":{"self":[{"href":"https:\/\/puntoepasta.fi\/en\/wp-json\/wp\/v2\/pages\/218","targetHints":{"allow":["GET"]}}],"collection":[{"href":"https:\/\/puntoepasta.fi\/en\/wp-json\/wp\/v2\/pages"}],"about":[{"href":"https:\/\/puntoepasta.fi\/en\/wp-json\/wp\/v2\/types\/page"}],"author":[{"embeddable":true,"href":"https:\/\/puntoepasta.fi\/en\/wp-json\/wp\/v2\/users\/1"}],"replies":[{"embeddable":true,"href":"https:\/\/puntoepasta.fi\/en\/wp-json\/wp\/v2\/comments?post=218"}],"version-history":[{"count":27,"href":"https:\/\/puntoepasta.fi\/en\/wp-json\/wp\/v2\/pages\/218\/revisions"}],"predecessor-version":[{"id":789,"href":"https:\/\/puntoepasta.fi\/en\/wp-json\/wp\/v2\/pages\/218\/revisions\/789"}],"wp:attachment":[{"href":"https:\/\/puntoepasta.fi\/en\/wp-json\/wp\/v2\/media?parent=218"}],"curies":[{"name":"wp","href":"https:\/\/api.w.org\/{rel}","templated":true}]}}