{"id":262,"date":"2026-03-12T01:56:58","date_gmt":"2026-03-11T23:56:58","guid":{"rendered":"https:\/\/puntoepasta.fi\/?page_id=262"},"modified":"2026-04-07T13:07:51","modified_gmt":"2026-04-07T11:07:51","slug":"yhteystiedot","status":"publish","type":"page","link":"https:\/\/puntoepasta.fi\/en\/yhteystiedot\/","title":{"rendered":"Contact Us"},"content":{"rendered":"\t\t<div data-elementor-type=\"wp-page\" data-elementor-id=\"262\" class=\"elementor elementor-262\" data-elementor-post-type=\"page\">\n\t\t\t\t<div class=\"elementor-element elementor-element-021f060 e-con-full e-flex e-con e-parent\" data-id=\"021f060\" data-element_type=\"container\" data-e-type=\"container\" data-settings=\"{&quot;background_background&quot;:&quot;classic&quot;}\">\n\t\t<div class=\"elementor-element elementor-element-85236f8 e-con-full e-flex e-con e-child\" data-id=\"85236f8\" data-element_type=\"container\" data-e-type=\"container\">\n\t\t\t\t<div class=\"elementor-element elementor-element-c774506 elementor-widget-tablet__width-initial elementor-widget__width-initial elementor-widget elementor-widget-heading\" data-id=\"c774506\" data-element_type=\"widget\" data-e-type=\"widget\" data-widget_type=\"heading.default\">\n\t\t\t\t\t<h1 class=\"elementor-heading-title elementor-size-default\">Ota yhteytt\u00e4<\/h1>\t\t\t\t<\/div>\n\t\t\t\t<div class=\"elementor-element elementor-element-a9f3820 elementor-widget elementor-widget-text-editor\" data-id=\"a9f3820\" data-element_type=\"widget\" data-e-type=\"widget\" data-widget_type=\"text-editor.default\">\n\t\t\t\t\t\t\t\t\t<p><strong>Pala Italiaa Vantaan Tikkurilassa.<\/strong><\/p>\t\t\t\t\t\t\t\t<\/div>\n\t\t\t\t<div class=\"elementor-element elementor-element-464212e elementor-widget elementor-widget-text-editor\" data-id=\"464212e\" data-element_type=\"widget\" data-e-type=\"widget\" data-widget_type=\"text-editor.default\">\n\t\t\t\t\t\t\t\t\t<div class=\"elementor-element elementor-element-464212e elementor-widget elementor-widget-text-editor\" data-id=\"464212e\" data-element_type=\"widget\" data-e-type=\"widget\" data-widget_type=\"text-editor.default\">\n<p>Kielotie 15 a, 01300 Vantaa<\/p>\n<p><a href=\"mailto:info@lapasteria.fi\">info@lapasteria.fi<\/a><br \/>\n<a href=\"tel:020 735 4650\" target=\"_blank\" rel=\"noopener\" data-fpl-component=\"primitive\">020 735 4650<\/a><\/p>\n<\/div>\n\t\t\t\t\t\t\t\t<\/div>\n\t\t<div class=\"elementor-element elementor-element-152298f e-con-full e-flex e-con e-child\" data-id=\"152298f\" data-element_type=\"container\" data-e-type=\"container\">\n\t\t\t\t<div class=\"elementor-element elementor-element-9e60b15 elementor-align-left elementor-tablet-align-left elementor-mobile-align-justify elementor-widget elementor-widget-button\" data-id=\"9e60b15\" data-element_type=\"widget\" data-e-type=\"widget\" data-widget_type=\"button.default\">\n\t\t\t\t\t\t\t\t\t\t<a class=\"elementor-button elementor-button-link elementor-size-sm\" href=\"https:\/\/www.quandoo.fi\/fi\/checkout-widget\/widget?merchantId=17695&#038;primaryColor=000000&#038;theme=light&#038;aid=146&#038;utm_source=quandoo-partner&#038;utm_medium=widget-link\" target=\"_blank\">\n\t\t\t\t\t\t<span class=\"elementor-button-content-wrapper\">\n\t\t\t\t\t\t\t\t\t<span class=\"elementor-button-text\">Varaa p\u00f6yt\u00e4 \u00bb<\/span>\n\t\t\t\t\t<\/span>\n\t\t\t\t\t<\/a>\n\t\t\t\t\t\t\t\t<\/div>\n\t\t\t\t<\/div>\n\t\t\t\t<\/div>\n\t\t<div class=\"elementor-element elementor-element-50eddac e-con-full e-flex e-con e-child\" data-id=\"50eddac\" data-element_type=\"container\" data-e-type=\"container\">\n\t\t\t\t<div class=\"elementor-element elementor-element-dbd4a25 elementor-widget elementor-widget-image\" data-id=\"dbd4a25\" data-element_type=\"widget\" data-e-type=\"widget\" data-widget_type=\"image.default\">\n\t\t\t\t\t\t\t\t\t\t\t\t\t\t\t<img fetchpriority=\"high\" decoding=\"async\" width=\"1511\" height=\"1081\" src=\"https:\/\/puntoepasta.fi\/wp-content\/uploads\/2026\/03\/punto-e-pasta-kuvituskuva-05.jpg\" class=\"attachment-full size-full wp-image-264\" alt=\"\" srcset=\"https:\/\/puntoepasta.fi\/wp-content\/uploads\/2026\/03\/punto-e-pasta-kuvituskuva-05.jpg 1511w, https:\/\/puntoepasta.fi\/wp-content\/uploads\/2026\/03\/punto-e-pasta-kuvituskuva-05-600x429.jpg 600w, https:\/\/puntoepasta.fi\/wp-content\/uploads\/2026\/03\/punto-e-pasta-kuvituskuva-05-300x215.jpg 300w, https:\/\/puntoepasta.fi\/wp-content\/uploads\/2026\/03\/punto-e-pasta-kuvituskuva-05-1024x733.jpg 1024w, https:\/\/puntoepasta.fi\/wp-content\/uploads\/2026\/03\/punto-e-pasta-kuvituskuva-05-768x549.jpg 768w\" sizes=\"(max-width: 1511px) 100vw, 1511px\" \/>\t\t\t\t\t\t\t\t\t\t\t\t\t\t\t<\/div>\n\t\t\t\t<\/div>\n\t\t\t\t<\/div>\n\t\t<div class=\"elementor-element elementor-element-7423b1b e-flex e-con-boxed e-con e-parent\" data-id=\"7423b1b\" data-element_type=\"container\" data-e-type=\"container\" data-settings=\"{&quot;background_background&quot;:&quot;classic&quot;}\">\n\t\t\t\t\t<div class=\"e-con-inner\">\n\t\t\t\t<div class=\"elementor-element elementor-element-f1b3f2a elementor-widget-tablet__width-initial elementor-widget__width-inherit elementor-widget elementor-widget-heading\" data-id=\"f1b3f2a\" data-element_type=\"widget\" data-e-type=\"widget\" data-widget_type=\"heading.default\">\n\t\t\t\t\t<h2 class=\"elementor-heading-title elementor-size-default\">Ryhm\u00e4varaukset ja tarjouspyynn\u00f6t<\/h2>\t\t\t\t<\/div>\n\t\t\t\t<div class=\"elementor-element elementor-element-9115f46 elementor-widget elementor-widget-text-editor\" data-id=\"9115f46\" data-element_type=\"widget\" data-e-type=\"widget\" data-widget_type=\"text-editor.default\">\n\t\t\t\t\t\t\t\t\t<p>Voit tehd\u00e4 ryhm\u00e4varauksen tai tarjouspyynn\u00f6n s\u00e4hk\u00f6postilla osoitteeseen <a href=\"mailto:info@lapasteria.fi\">info@lapasteria.fi<\/a>. Vahvistamme varauksen sinulle erikseen s\u00e4hk\u00f6postilla.<\/p>\n<p><strong>Tarjouspyynt\u00f6\u00e4 varten kerrothan tarpeistasi yksityiskohtasisesti.<\/strong><\/p>\n\t\t\t\t\t\t\t\t<\/div>\n\t\t\t\t<div class=\"elementor-element elementor-element-3fbd07d elementor-button-align-start elementor-widget elementor-widget-form\" data-id=\"3fbd07d\" data-element_type=\"widget\" data-e-type=\"widget\" data-settings=\"{&quot;step_next_label&quot;:&quot;Next&quot;,&quot;step_previous_label&quot;:&quot;Previous&quot;,&quot;button_width&quot;:&quot;100&quot;,&quot;step_type&quot;:&quot;number_text&quot;,&quot;step_icon_shape&quot;:&quot;circle&quot;}\" data-widget_type=\"form.default\">\n\t\t\t\t\t\t\t<form class=\"elementor-form\" method=\"post\" name=\"Punto e Pasta -lomake\" aria-label=\"Punto e Pasta -lomake\">\n\t\t\t<input type=\"hidden\" name=\"post_id\" value=\"262\"\/>\n\t\t\t<input type=\"hidden\" name=\"form_id\" value=\"3fbd07d\"\/>\n\t\t\t<input type=\"hidden\" name=\"referer_title\" value=\"Punto e Pasta\" \/>\n\n\t\t\t\n\t\t\t<div class=\"elementor-form-fields-wrapper elementor-labels-above\">\n\t\t\t\t\t\t\t\t<div class=\"elementor-field-type-text elementor-field-group elementor-column elementor-field-group-name elementor-col-33 elementor-md-50 elementor-field-required elementor-mark-required\">\n\t\t\t\t\t\t\t\t\t\t\t\t<label for=\"form-field-name\" class=\"elementor-field-label\">\n\t\t\t\t\t\t\t\tNimi\t\t\t\t\t\t\t<\/label>\n\t\t\t\t\t\t\t\t\t\t\t\t\t\t<input size=\"1\" type=\"text\" name=\"form_fields[name]\" id=\"form-field-name\" class=\"elementor-field elementor-size-md  elementor-field-textual\" required=\"required\">\n\t\t\t\t\t\t\t\t\t\t\t<\/div>\n\t\t\t\t\t\t\t\t<div class=\"elementor-field-type-email elementor-field-group elementor-column elementor-field-group-email elementor-col-33 elementor-md-50 elementor-field-required elementor-mark-required\">\n\t\t\t\t\t\t\t\t\t\t\t\t<label for=\"form-field-email\" class=\"elementor-field-label\">\n\t\t\t\t\t\t\t\tS\u00e4hk\u00f6posti:\t\t\t\t\t\t\t<\/label>\n\t\t\t\t\t\t\t\t\t\t\t\t\t\t<input size=\"1\" type=\"email\" name=\"form_fields[email]\" id=\"form-field-email\" class=\"elementor-field elementor-size-md  elementor-field-textual\" required=\"required\">\n\t\t\t\t\t\t\t\t\t\t\t<\/div>\n\t\t\t\t\t\t\t\t<div class=\"elementor-field-type-tel elementor-field-group elementor-column elementor-field-group-field_439ab73 elementor-col-33 elementor-md-50\">\n\t\t\t\t\t\t\t\t\t\t\t\t<label for=\"form-field-field_439ab73\" class=\"elementor-field-label\">\n\t\t\t\t\t\t\t\tPuhelinnumero:\t\t\t\t\t\t\t<\/label>\n\t\t\t\t\t\t\t\t<input size=\"1\" type=\"tel\" name=\"form_fields[field_439ab73]\" id=\"form-field-field_439ab73\" class=\"elementor-field elementor-size-md  elementor-field-textual\" pattern=\"[0-9()#&amp;+*-=.]+\" title=\"Only numbers and phone characters (#, -, *, etc) are accepted.\">\n\n\t\t\t\t\t\t<\/div>\n\t\t\t\t\t\t\t\t<div class=\"elementor-field-type-select elementor-field-group elementor-column elementor-field-group-field_6bf92c1 elementor-col-33 elementor-md-50\">\n\t\t\t\t\t\t\t\t\t\t\t\t<label for=\"form-field-field_6bf92c1\" class=\"elementor-field-label\">\n\t\t\t\t\t\t\t\tAsiani koskee:\t\t\t\t\t\t\t<\/label>\n\t\t\t\t\t\t\t\t<div class=\"elementor-field elementor-select-wrapper remove-before \">\n\t\t\t<div class=\"select-caret-down-wrapper\">\n\t\t\t\t<svg aria-hidden=\"true\" class=\"e-font-icon-svg e-eicon-caret-down\" viewBox=\"0 0 571.4 571.4\" xmlns=\"http:\/\/www.w3.org\/2000\/svg\"><path d=\"M571 393Q571 407 561 418L311 668Q300 679 286 679T261 668L11 418Q0 407 0 393T11 368 36 357H536Q550 357 561 368T571 393Z\"><\/path><\/svg>\t\t\t<\/div>\n\t\t\t<select name=\"form_fields[field_6bf92c1]\" id=\"form-field-field_6bf92c1\" class=\"elementor-field-textual elementor-size-md\">\n\t\t\t\t\t\t\t\t\t<option value=\"Valitse vaihtoehto:\">Valitse vaihtoehto:<\/option>\n\t\t\t\t\t\t\t\t\t<option value=\"\u2013 Ryhm\u00e4varaus\">\u2013 Ryhm\u00e4varaus<\/option>\n\t\t\t\t\t\t\t\t\t<option value=\"\u2013 Yritystilaisuus\">\u2013 Yritystilaisuus<\/option>\n\t\t\t\t\t\t\t\t\t<option value=\"\u2013 Yksityistilaisuus\">\u2013 Yksityistilaisuus<\/option>\n\t\t\t\t\t\t\t\t\t<option value=\"\u2013 Catering\">\u2013 Catering<\/option>\n\t\t\t\t\t\t\t\t\t<option value=\"\u2013 Palaute tai muu asia\">\u2013 Palaute tai muu asia<\/option>\n\t\t\t\t\t\t\t<\/select>\n\t\t<\/div>\n\t\t\t\t\t\t<\/div>\n\t\t\t\t\t\t\t\t<div class=\"elementor-field-type-date elementor-field-group elementor-column elementor-field-group-field_c35ad92 elementor-col-33 elementor-md-50\">\n\t\t\t\t\t\t\t\t\t\t\t\t<label for=\"form-field-field_c35ad92\" class=\"elementor-field-label\">\n\t\t\t\t\t\t\t\tP\u00e4iv\u00e4m\u00e4\u00e4r\u00e4:\t\t\t\t\t\t\t<\/label>\n\t\t\t\t\t\t\n\t\t<input type=\"date\" name=\"form_fields[field_c35ad92]\" id=\"form-field-field_c35ad92\" class=\"elementor-field elementor-size-md  elementor-field-textual elementor-date-field elementor-use-native\" pattern=\"[0-9]{4}-[0-9]{2}-[0-9]{2}\">\n\t\t\t\t\t\t<\/div>\n\t\t\t\t\t\t\t\t<div class=\"elementor-field-type-number elementor-field-group elementor-column elementor-field-group-field_476a678 elementor-col-33 elementor-md-50\">\n\t\t\t\t\t\t\t\t\t\t\t\t<label for=\"form-field-field_476a678\" class=\"elementor-field-label\">\n\t\t\t\t\t\t\t\tHenkil\u00f6m\u00e4\u00e4r\u00e4:\t\t\t\t\t\t\t<\/label>\n\t\t\t\t\t\t\t\t\t<input type=\"number\" name=\"form_fields[field_476a678]\" id=\"form-field-field_476a678\" class=\"elementor-field elementor-size-md  elementor-field-textual\" min=\"\" max=\"\" >\n\t\t\t\t\t\t<\/div>\n\t\t\t\t\t\t\t\t<div class=\"elementor-field-type-textarea elementor-field-group elementor-column elementor-field-group-message elementor-col-100 elementor-field-required elementor-mark-required\">\n\t\t\t\t\t\t\t\t\t\t\t\t<label for=\"form-field-message\" class=\"elementor-field-label\">\n\t\t\t\t\t\t\t\tLis\u00e4tiedot varaukseen tai tarjouspyynt\u00f6\u00f6n:\t\t\t\t\t\t\t<\/label>\n\t\t\t\t\t\t<textarea class=\"elementor-field-textual elementor-field  elementor-size-md\" name=\"form_fields[message]\" id=\"form-field-message\" rows=\"7\" required=\"required\"><\/textarea>\t\t\t\t<\/div>\n\t\t\t\t\t\t\t\t<div class=\"elementor-field-type-acceptance elementor-field-group elementor-column elementor-field-group-field_175ac5d elementor-col-100 elementor-field-required elementor-mark-required\">\n\t\t\t\t\t\t\t<div class=\"elementor-field-subgroup\">\n\t\t\t<span class=\"elementor-field-option\">\n\t\t\t\t<input type=\"checkbox\" name=\"form_fields[field_175ac5d]\" id=\"form-field-field_175ac5d\" class=\"elementor-field elementor-size-md  elementor-acceptance-field\" required=\"required\">\n\t\t\t\t<label for=\"form-field-field_175ac5d\">Hyv\u00e4ksyn Punto e Pastan <a href=\"\/tietosuojaseloste\">tietosuojaselosteen<\/a> henkil\u00f6tietojen k\u00e4sittelyyn.<\/label>\t\t\t<\/span>\n\t\t<\/div>\n\t\t\t\t\t\t<\/div>\n\t\t\t\t\t\t\t\t<div class=\"elementor-field-type-recaptcha_v3 elementor-field-group elementor-column elementor-field-group-field_bb5a497 elementor-col-100 recaptcha_v3-inline\">\n\t\t\t\t\t<div class=\"elementor-field\" id=\"form-field-field_bb5a497\"><div class=\"elementor-g-recaptcha\" data-sitekey=\"6LemP6ssAAAAALeg7cSA6m9uYuePU-vjzHTCn7WU\" data-type=\"v3\" data-action=\"Form\" data-badge=\"inline\" data-size=\"invisible\"><\/div><\/div>\t\t\t\t<\/div>\n\t\t\t\t\t\t\t\t<div class=\"elementor-field-group elementor-column elementor-field-type-submit elementor-col-100 e-form__buttons\">\n\t\t\t\t\t<button class=\"elementor-button elementor-size-sm\" type=\"submit\">\n\t\t\t\t\t\t<span class=\"elementor-button-content-wrapper\">\n\t\t\t\t\t\t\t\t\t\t\t\t\t\t\t\t\t\t\t\t\t\t<span class=\"elementor-button-text\">L\u00e4het\u00e4 viesti \u00bb<\/span>\n\t\t\t\t\t\t\t\t\t\t\t\t\t<\/span>\n\t\t\t\t\t<\/button>\n\t\t\t\t<\/div>\n\t\t\t<\/div>\n\t\t<\/form>\n\t\t\t\t\t\t<\/div>\n\t\t\t\t\t<\/div>\n\t\t\t\t<\/div>\n\t\t\t\t<\/div>\n\t\t","protected":false},"excerpt":{"rendered":"<p>Ota yhteytt\u00e4 Pala Italiaa Vantaan Tikkurilassa. Varaa p\u00f6yt\u00e4 \u00bb Ryhm\u00e4varaukset ja tarjouspyynn\u00f6t<\/p>","protected":false},"author":1,"featured_media":0,"parent":0,"menu_order":0,"comment_status":"closed","ping_status":"closed","template":"","meta":{"_acf_changed":false,"footnotes":""},"class_list":["post-262","page","type-page","status-publish","hentry"],"acf":[],"yoast_head":"<!-- This site is optimized with the Yoast SEO plugin v27.3 - https:\/\/yoast.com\/product\/yoast-seo-wordpress\/ -->\n<title>Yhteystiedot | Punto e Pasta | Pala Italiaa Vantaan Tikkurilassa<\/title>\n<meta name=\"robots\" content=\"index, follow, max-snippet:-1, max-image-preview:large, max-video-preview:-1\" \/>\n<link rel=\"canonical\" href=\"https:\/\/puntoepasta.fi\/en\/yhteystiedot\/\" \/>\n<meta property=\"og:locale\" content=\"en_GB\" \/>\n<meta property=\"og:type\" content=\"article\" \/>\n<meta property=\"og:title\" content=\"Yhteystiedot | Punto e Pasta | Pala Italiaa Vantaan Tikkurilassa\" \/>\n<meta property=\"og:description\" content=\"Ota yhteytt\u00e4 Pala Italiaa Vantaan Tikkurilassa. Varaa p\u00f6yt\u00e4 \u00bb Ryhm\u00e4varaukset ja tarjouspyynn\u00f6t\" \/>\n<meta property=\"og:url\" content=\"https:\/\/puntoepasta.fi\/en\/yhteystiedot\/\" \/>\n<meta property=\"og:site_name\" content=\"Punto e Pasta\" \/>\n<meta property=\"article:publisher\" content=\"https:\/\/www.facebook.com\/lapasteriaitaliana\/?locale=fi_FI\" \/>\n<meta property=\"article:modified_time\" content=\"2026-04-07T11:07:51+00:00\" \/>\n<meta property=\"og:image\" content=\"https:\/\/puntoepasta.fi\/wp-content\/uploads\/2026\/03\/punto-e-pasta-kuvituskuva-05.jpg\" \/>\n\t<meta property=\"og:image:width\" content=\"1511\" \/>\n\t<meta property=\"og:image:height\" content=\"1081\" \/>\n\t<meta property=\"og:image:type\" content=\"image\/jpeg\" \/>\n<meta name=\"twitter:card\" content=\"summary_large_image\" \/>\n<meta name=\"twitter:label1\" content=\"Estimated reading time\" \/>\n\t<meta name=\"twitter:data1\" content=\"1 minute\" \/>\n<script type=\"application\/ld+json\" class=\"yoast-schema-graph\">{\"@context\":\"https:\\\/\\\/schema.org\",\"@graph\":[{\"@type\":\"WebPage\",\"@id\":\"https:\\\/\\\/puntoepasta.fi\\\/yhteystiedot\\\/\",\"url\":\"https:\\\/\\\/puntoepasta.fi\\\/yhteystiedot\\\/\",\"name\":\"Yhteystiedot | Punto e Pasta | Pala Italiaa Vantaan Tikkurilassa\",\"isPartOf\":{\"@id\":\"https:\\\/\\\/puntoepasta.fi\\\/#website\"},\"primaryImageOfPage\":{\"@id\":\"https:\\\/\\\/puntoepasta.fi\\\/yhteystiedot\\\/#primaryimage\"},\"image\":{\"@id\":\"https:\\\/\\\/puntoepasta.fi\\\/yhteystiedot\\\/#primaryimage\"},\"thumbnailUrl\":\"https:\\\/\\\/puntoepasta.fi\\\/wp-content\\\/uploads\\\/2026\\\/03\\\/punto-e-pasta-kuvituskuva-05.jpg\",\"datePublished\":\"2026-03-11T23:56:58+00:00\",\"dateModified\":\"2026-04-07T11:07:51+00:00\",\"breadcrumb\":{\"@id\":\"https:\\\/\\\/puntoepasta.fi\\\/yhteystiedot\\\/#breadcrumb\"},\"inLanguage\":\"en-GB\",\"potentialAction\":[{\"@type\":\"ReadAction\",\"target\":[\"https:\\\/\\\/puntoepasta.fi\\\/yhteystiedot\\\/\"]}]},{\"@type\":\"ImageObject\",\"inLanguage\":\"en-GB\",\"@id\":\"https:\\\/\\\/puntoepasta.fi\\\/yhteystiedot\\\/#primaryimage\",\"url\":\"https:\\\/\\\/puntoepasta.fi\\\/wp-content\\\/uploads\\\/2026\\\/03\\\/punto-e-pasta-kuvituskuva-05.jpg\",\"contentUrl\":\"https:\\\/\\\/puntoepasta.fi\\\/wp-content\\\/uploads\\\/2026\\\/03\\\/punto-e-pasta-kuvituskuva-05.jpg\"},{\"@type\":\"BreadcrumbList\",\"@id\":\"https:\\\/\\\/puntoepasta.fi\\\/yhteystiedot\\\/#breadcrumb\",\"itemListElement\":[{\"@type\":\"ListItem\",\"position\":1,\"name\":\"Etusivu\",\"item\":\"https:\\\/\\\/puntoepasta.fi\\\/\"},{\"@type\":\"ListItem\",\"position\":2,\"name\":\"Yhteystiedot\"}]},{\"@type\":\"WebSite\",\"@id\":\"https:\\\/\\\/puntoepasta.fi\\\/#website\",\"url\":\"https:\\\/\\\/puntoepasta.fi\\\/\",\"name\":\"Punto e Pasta\",\"description\":\"Pala Italiaa Vantaan  Tikkurilassa.\",\"publisher\":{\"@id\":\"https:\\\/\\\/puntoepasta.fi\\\/#organization\"},\"potentialAction\":[{\"@type\":\"SearchAction\",\"target\":{\"@type\":\"EntryPoint\",\"urlTemplate\":\"https:\\\/\\\/puntoepasta.fi\\\/?s={search_term_string}\"},\"query-input\":{\"@type\":\"PropertyValueSpecification\",\"valueRequired\":true,\"valueName\":\"search_term_string\"}}],\"inLanguage\":\"en-GB\"},{\"@type\":\"Organization\",\"@id\":\"https:\\\/\\\/puntoepasta.fi\\\/#organization\",\"name\":\"Punto e Pasta\",\"url\":\"https:\\\/\\\/puntoepasta.fi\\\/\",\"logo\":{\"@type\":\"ImageObject\",\"inLanguage\":\"en-GB\",\"@id\":\"https:\\\/\\\/puntoepasta.fi\\\/#\\\/schema\\\/logo\\\/image\\\/\",\"url\":\"https:\\\/\\\/puntoepasta.fi\\\/wp-content\\\/uploads\\\/2026\\\/03\\\/Punto-e-pasta-6.jpg\",\"contentUrl\":\"https:\\\/\\\/puntoepasta.fi\\\/wp-content\\\/uploads\\\/2026\\\/03\\\/Punto-e-pasta-6.jpg\",\"width\":2048,\"height\":1366,\"caption\":\"Punto e Pasta\"},\"image\":{\"@id\":\"https:\\\/\\\/puntoepasta.fi\\\/#\\\/schema\\\/logo\\\/image\\\/\"},\"sameAs\":[\"https:\\\/\\\/www.facebook.com\\\/lapasteriaitaliana\\\/?locale=fi_FI\",\"https:\\\/\\\/www.instagram.com\\\/puntoepastatikkurila\\\/?hl=fi#\"]}]}<\/script>\n<!-- \/ Yoast SEO plugin. -->","yoast_head_json":{"title":"Yhteystiedot | Punto e Pasta | Pala Italiaa Vantaan Tikkurilassa","robots":{"index":"index","follow":"follow","max-snippet":"max-snippet:-1","max-image-preview":"max-image-preview:large","max-video-preview":"max-video-preview:-1"},"canonical":"https:\/\/puntoepasta.fi\/en\/yhteystiedot\/","og_locale":"en_GB","og_type":"article","og_title":"Yhteystiedot | Punto e Pasta | Pala Italiaa Vantaan Tikkurilassa","og_description":"Ota yhteytt\u00e4 Pala Italiaa Vantaan Tikkurilassa. Varaa p\u00f6yt\u00e4 \u00bb Ryhm\u00e4varaukset ja tarjouspyynn\u00f6t","og_url":"https:\/\/puntoepasta.fi\/en\/yhteystiedot\/","og_site_name":"Punto e Pasta","article_publisher":"https:\/\/www.facebook.com\/lapasteriaitaliana\/?locale=fi_FI","article_modified_time":"2026-04-07T11:07:51+00:00","og_image":[{"width":1511,"height":1081,"url":"https:\/\/puntoepasta.fi\/wp-content\/uploads\/2026\/03\/punto-e-pasta-kuvituskuva-05.jpg","type":"image\/jpeg"}],"twitter_card":"summary_large_image","twitter_misc":{"Estimated reading time":"1 minute"},"schema":{"@context":"https:\/\/schema.org","@graph":[{"@type":"WebPage","@id":"https:\/\/puntoepasta.fi\/yhteystiedot\/","url":"https:\/\/puntoepasta.fi\/yhteystiedot\/","name":"Yhteystiedot | Punto e Pasta | Pala Italiaa Vantaan Tikkurilassa","isPartOf":{"@id":"https:\/\/puntoepasta.fi\/#website"},"primaryImageOfPage":{"@id":"https:\/\/puntoepasta.fi\/yhteystiedot\/#primaryimage"},"image":{"@id":"https:\/\/puntoepasta.fi\/yhteystiedot\/#primaryimage"},"thumbnailUrl":"https:\/\/puntoepasta.fi\/wp-content\/uploads\/2026\/03\/punto-e-pasta-kuvituskuva-05.jpg","datePublished":"2026-03-11T23:56:58+00:00","dateModified":"2026-04-07T11:07:51+00:00","breadcrumb":{"@id":"https:\/\/puntoepasta.fi\/yhteystiedot\/#breadcrumb"},"inLanguage":"en-GB","potentialAction":[{"@type":"ReadAction","target":["https:\/\/puntoepasta.fi\/yhteystiedot\/"]}]},{"@type":"ImageObject","inLanguage":"en-GB","@id":"https:\/\/puntoepasta.fi\/yhteystiedot\/#primaryimage","url":"https:\/\/puntoepasta.fi\/wp-content\/uploads\/2026\/03\/punto-e-pasta-kuvituskuva-05.jpg","contentUrl":"https:\/\/puntoepasta.fi\/wp-content\/uploads\/2026\/03\/punto-e-pasta-kuvituskuva-05.jpg"},{"@type":"BreadcrumbList","@id":"https:\/\/puntoepasta.fi\/yhteystiedot\/#breadcrumb","itemListElement":[{"@type":"ListItem","position":1,"name":"Etusivu","item":"https:\/\/puntoepasta.fi\/"},{"@type":"ListItem","position":2,"name":"Yhteystiedot"}]},{"@type":"WebSite","@id":"https:\/\/puntoepasta.fi\/#website","url":"https:\/\/puntoepasta.fi\/","name":"Punto e Pasta","description":"Pala Italiaa Vantaan  Tikkurilassa.","publisher":{"@id":"https:\/\/puntoepasta.fi\/#organization"},"potentialAction":[{"@type":"SearchAction","target":{"@type":"EntryPoint","urlTemplate":"https:\/\/puntoepasta.fi\/?s={search_term_string}"},"query-input":{"@type":"PropertyValueSpecification","valueRequired":true,"valueName":"search_term_string"}}],"inLanguage":"en-GB"},{"@type":"Organization","@id":"https:\/\/puntoepasta.fi\/#organization","name":"Punto e Pasta","url":"https:\/\/puntoepasta.fi\/","logo":{"@type":"ImageObject","inLanguage":"en-GB","@id":"https:\/\/puntoepasta.fi\/#\/schema\/logo\/image\/","url":"https:\/\/puntoepasta.fi\/wp-content\/uploads\/2026\/03\/Punto-e-pasta-6.jpg","contentUrl":"https:\/\/puntoepasta.fi\/wp-content\/uploads\/2026\/03\/Punto-e-pasta-6.jpg","width":2048,"height":1366,"caption":"Punto e Pasta"},"image":{"@id":"https:\/\/puntoepasta.fi\/#\/schema\/logo\/image\/"},"sameAs":["https:\/\/www.facebook.com\/lapasteriaitaliana\/?locale=fi_FI","https:\/\/www.instagram.com\/puntoepastatikkurila\/?hl=fi#"]}]}},"_links":{"self":[{"href":"https:\/\/puntoepasta.fi\/en\/wp-json\/wp\/v2\/pages\/262","targetHints":{"allow":["GET"]}}],"collection":[{"href":"https:\/\/puntoepasta.fi\/en\/wp-json\/wp\/v2\/pages"}],"about":[{"href":"https:\/\/puntoepasta.fi\/en\/wp-json\/wp\/v2\/types\/page"}],"author":[{"embeddable":true,"href":"https:\/\/puntoepasta.fi\/en\/wp-json\/wp\/v2\/users\/1"}],"replies":[{"embeddable":true,"href":"https:\/\/puntoepasta.fi\/en\/wp-json\/wp\/v2\/comments?post=262"}],"version-history":[{"count":42,"href":"https:\/\/puntoepasta.fi\/en\/wp-json\/wp\/v2\/pages\/262\/revisions"}],"predecessor-version":[{"id":1133,"href":"https:\/\/puntoepasta.fi\/en\/wp-json\/wp\/v2\/pages\/262\/revisions\/1133"}],"wp:attachment":[{"href":"https:\/\/puntoepasta.fi\/en\/wp-json\/wp\/v2\/media?parent=262"}],"curies":[{"name":"wp","href":"https:\/\/api.w.org\/{rel}","templated":true}]}}