{"id":280,"date":"2026-03-12T02:18:31","date_gmt":"2026-03-12T00:18:31","guid":{"rendered":"https:\/\/puntoepasta.fi\/?page_id=280"},"modified":"2026-03-16T00:24:51","modified_gmt":"2026-03-15T22:24:51","slug":"lounas","status":"publish","type":"page","link":"https:\/\/puntoepasta.fi\/en\/lounas\/","title":{"rendered":"Lunch"},"content":{"rendered":"\t\t<div data-elementor-type=\"wp-page\" data-elementor-id=\"280\" class=\"elementor elementor-280\" data-elementor-post-type=\"page\">\n\t\t\t\t<div class=\"elementor-element elementor-element-fcb3314 e-con-full e-flex e-con e-parent\" data-id=\"fcb3314\" data-element_type=\"container\" data-e-type=\"container\" data-settings=\"{&quot;background_background&quot;:&quot;classic&quot;}\">\n\t\t<div class=\"elementor-element elementor-element-4c6a7cf e-con-full e-flex e-con e-child\" data-id=\"4c6a7cf\" data-element_type=\"container\" data-e-type=\"container\">\n\t\t\t\t<div class=\"elementor-element elementor-element-1969609 elementor-widget-tablet__width-initial elementor-widget elementor-widget-heading\" data-id=\"1969609\" data-element_type=\"widget\" data-e-type=\"widget\" data-widget_type=\"heading.default\">\n\t\t\t\t\t<h1 class=\"elementor-heading-title elementor-size-default\">Lounas<\/h1>\t\t\t\t<\/div>\n\t\t\t\t<div class=\"elementor-element elementor-element-ac54306 elementor-widget elementor-widget-html\" data-id=\"ac54306\" data-element_type=\"widget\" data-e-type=\"widget\" data-widget_type=\"html.default\">\n\t\t\t\t\t<div id=\"viikkonumero\"><\/div>\n\n<script>\nfunction getWeekNumber(date) {\n  const d = new Date(Date.UTC(date.getFullYear(), date.getMonth(), date.getDate()));\n  const dayNum = d.getUTCDay() || 7;\n  d.setUTCDate(d.getUTCDate() + 4 - dayNum);\n  const yearStart = new Date(Date.UTC(d.getUTCFullYear(), 0, 1));\n  const weekNo = Math.ceil((((d - yearStart) \/ 86400000) + 1) \/ 7);\n  return weekNo;\n}\n\nconst now = new Date();\nconst week = getWeekNumber(now);\nconst year = now.getFullYear();\n\n\/\/ tarkistetaan sivun kieli\nconst lang = document.documentElement.lang;\nconst label = lang.startsWith('en') ? 'Week' : 'Viikko';\n\ndocument.getElementById(\"viikkonumero\").innerHTML = label + \" \" + week + \"\/\" + year;\n<\/script>\t\t\t\t<\/div>\n\t\t\t\t<div class=\"elementor-element elementor-element-5da9bf8 elementor-widget__width-inherit elementor-widget elementor-widget-text-editor\" data-id=\"5da9bf8\" data-element_type=\"widget\" data-e-type=\"widget\" data-widget_type=\"text-editor.default\">\n\t\t\t\t\t\t\t\t\t<h2><strong>Setti 1\/12\u20ac, setti 2\/14\u20ac ja setti 3\/16\u20ac<\/strong><\/h2>\n<p><strong>El\u00e4kel\u00e4islounas:<\/strong> Setti 1\/11\u20ac, setti 2\/13\u20ac ja setti 3\/15\u20ac<\/p>\n<p><strong>Kaikki lounaat sis\u00e4lt\u00e4v\u00e4t:<\/strong> Salaattip\u00f6yt\u00e4, leip\u00e4 sek\u00e4 levite sek\u00e4 kahvi\/tee<\/p>\n\t\t\t\t\t\t\t\t<\/div>\n\t\t\t\t<\/div>\n\t\t\t\t<\/div>\n\t\t<div class=\"elementor-element elementor-element-ddbea53 e-flex e-con-boxed e-con e-parent\" data-id=\"ddbea53\" data-element_type=\"container\" data-e-type=\"container\" data-settings=\"{&quot;background_background&quot;:&quot;classic&quot;}\">\n\t\t\t\t\t<div class=\"e-con-inner\">\n\t\t\t\t<div class=\"elementor-element elementor-element-f12a82e elementor-grid-2 elementor-grid-tablet-1 elementor-grid-mobile-1 elementor-widget elementor-widget-loop-grid\" data-id=\"f12a82e\" data-element_type=\"widget\" data-e-type=\"widget\" data-settings=\"{&quot;template_id&quot;:316,&quot;columns&quot;:2,&quot;columns_tablet&quot;:1,&quot;masonry&quot;:&quot;yes&quot;,&quot;row_gap&quot;:{&quot;unit&quot;:&quot;px&quot;,&quot;size&quot;:20,&quot;sizes&quot;:[]},&quot;_skin&quot;:&quot;post&quot;,&quot;columns_mobile&quot;:&quot;1&quot;,&quot;edit_handle_selector&quot;:&quot;[data-elementor-type=\\&quot;loop-item\\&quot;]&quot;,&quot;row_gap_tablet&quot;:{&quot;unit&quot;:&quot;px&quot;,&quot;size&quot;:&quot;&quot;,&quot;sizes&quot;:[]},&quot;row_gap_mobile&quot;:{&quot;unit&quot;:&quot;px&quot;,&quot;size&quot;:&quot;&quot;,&quot;sizes&quot;:[]}}\" data-widget_type=\"loop-grid.post\">\n\t\t\t\t<div class=\"elementor-widget-container\">\n\t\t\t\t\t\t\t<div class=\"elementor-loop-container elementor-grid\" role=\"list\">\n\t\t<style id=\"loop-316\">.elementor-316 .elementor-element.elementor-element-dbe419e{--display:flex;--flex-direction:column;--container-widget-width:100%;--container-widget-height:initial;--container-widget-flex-grow:0;--container-widget-align-self:initial;--flex-wrap-mobile:wrap;--margin-top:0px;--margin-bottom:0px;--margin-left:0px;--margin-right:0px;--padding-top:0px;--padding-bottom:0px;--padding-left:0px;--padding-right:0px;}.elementor-316 .elementor-element.elementor-element-f335221{--display:flex;--margin-top:19px;--margin-bottom:19px;--margin-left:0px;--margin-right:0px;--padding-top:25px;--padding-bottom:25px;--padding-left:25px;--padding-right:25px;}.elementor-316 .elementor-element.elementor-element-f335221:not(.elementor-motion-effects-element-type-background), .elementor-316 .elementor-element.elementor-element-f335221 > .elementor-motion-effects-container > .elementor-motion-effects-layer{background-color:#FFFFFF;}.elementor-widget-heading .elementor-heading-title{font-family:var( --e-global-typography-primary-font-family ), Sans-serif;font-weight:var( --e-global-typography-primary-font-weight );color:var( --e-global-color-primary );}.elementor-316 .elementor-element.elementor-element-849a103 .elementor-heading-title{font-family:\"tuppence\", Sans-serif;font-size:2em;font-weight:600;line-height:1.1em;color:#000000;}.elementor-316 .elementor-element.elementor-element-849a103{margin:0px 0px calc(var(--kit-widget-spacing, 0px) + 0px) 0px;padding:0px 0px 0px 0px;z-index:99;}.elementor-widget-theme-post-content{color:var( --e-global-color-text );font-family:var( --e-global-typography-text-font-family ), Sans-serif;font-weight:var( --e-global-typography-text-font-weight );}.elementor-316 .elementor-element.elementor-element-bd430ed{color:#000000;font-family:\"Baloo Bhai\", Sans-serif;font-size:1.1em;font-weight:400;line-height:1.4em;letter-spacing:0px;margin:0px 0px calc(var(--kit-widget-spacing, 0px) + 0px) 0px;padding:0px 0px 0px 0px;z-index:90;}@media(max-width:1024px){.elementor-316 .elementor-element.elementor-element-849a103{text-align:start;}.elementor-316 .elementor-element.elementor-element-849a103 .elementor-heading-title{font-size:2em;}.elementor-316 .elementor-element.elementor-element-bd430ed{text-align:start;font-size:1em;}}@media(max-width:767px){.elementor-316 .elementor-element.elementor-element-849a103 .elementor-heading-title{font-size:2em;}.elementor-316 .elementor-element.elementor-element-bd430ed{font-size:1em;line-height:1.4em;margin:0px 0px calc(var(--kit-widget-spacing, 0px) + -21px) 0px;}}\/* Start custom CSS for theme-post-content, class: .elementor-element-bd430ed *\/.elementor-316 .elementor-element.elementor-element-bd430ed {\n  column-count: 2;\n  column-gap: 20px;\n}\n\n@media (max-width: 767px) {\n  .elementor-316 .elementor-element.elementor-element-bd430ed {\n    column-count: 1;\n  }\n}\n\n.elementor-316 .elementor-element.elementor-element-bd430ed h2 {\n  position: relative;\n  font-size: 1.2em;\n  padding-bottom: 0px;\n}\n\n.elementor-316 .elementor-element.elementor-element-bd430ed h2::after {\n  content: \"\";\n  position: absolute;\n  left: 0;\n  bottom: 0;\n  width: 100%;\n  height: 2px;\n  background: #000;\n}\n\n.elementor-316 .elementor-element.elementor-element-bd430ed h2,\n.elementor-316 .elementor-element.elementor-element-bd430ed p,\n.elementor-316 .elementor-element.elementor-element-bd430ed ul,\n.elementor-316 .elementor-element.elementor-element-bd430ed li,\n.elementor-316 .elementor-element.elementor-element-bd430ed figure,\n.elementor-316 .elementor-element.elementor-element-bd430ed div {\n  break-inside: avoid;\n  -webkit-column-break-inside: avoid;\n  page-break-inside: avoid;\n}\/* End custom CSS *\/\n\/* Start custom CSS for container, class: .elementor-element-dbe419e *\/.elementor-316 .elementor-element.elementor-element-dbe419e {\n  position: relative;\n  overflow: hidden;\n}\n\n\/* yl\u00e4reuna *\/\n.elementor-316 .elementor-element.elementor-element-dbe419e::before {\n  content: \"\";\n  position: absolute;\n  top: 0;\n  left: 0;\n  width: 100%;\n  height: clamp(60px, 8vw, 140px);\n  background-image: url(\"https:\/\/puntoepasta.fi\/wp-content\/uploads\/2026\/03\/pasta-reuna-yla.png\");\n  background-repeat: no-repeat;\n  background-size: 100% auto;\n  background-position: top;\n}\n\n\/* alareuna *\/\n.elementor-316 .elementor-element.elementor-element-dbe419e::after {\n  content: \"\";\n  position: absolute;\n  bottom: 0;\n  left: 0;\n  width: 100%;\n  height: clamp(60px, 8vw, 140px);\n  background-image: url(\"https:\/\/puntoepasta.fi\/wp-content\/uploads\/2026\/03\/pasta-reuna-ala.png\");\n  background-repeat: no-repeat;\n  background-size: 100% auto;\n  background-position: bottom;\n}\/* End custom CSS *\/<\/style>\t\t<div data-elementor-type=\"loop-item\" data-elementor-id=\"316\" class=\"elementor elementor-316 e-loop-item e-loop-item-270 post-270 lounas type-lounas status-publish format-standard hentry\" data-elementor-post-type=\"elementor_library\" data-custom-edit-handle=\"1\">\n\t\t\t<div class=\"elementor-element elementor-element-dbe419e e-flex e-con-boxed e-con e-parent\" data-id=\"dbe419e\" data-element_type=\"container\" data-e-type=\"container\" data-settings=\"{&quot;background_background&quot;:&quot;classic&quot;}\">\n\t\t\t\t\t<div class=\"e-con-inner\">\n\t\t<div class=\"elementor-element elementor-element-f335221 e-con-full e-flex e-con e-child\" data-id=\"f335221\" data-element_type=\"container\" data-e-type=\"container\" data-settings=\"{&quot;background_background&quot;:&quot;classic&quot;}\">\n\t\t\t\t<div class=\"elementor-element elementor-element-849a103 elementor-widget elementor-widget-heading\" data-id=\"849a103\" data-element_type=\"widget\" data-e-type=\"widget\" data-widget_type=\"heading.default\">\n\t\t\t\t\t<h3 class=\"elementor-heading-title elementor-size-default\">Maanantai<\/h3>\t\t\t\t<\/div>\n\t\t\t\t<div class=\"elementor-element elementor-element-bd430ed elementor-widget elementor-widget-theme-post-content\" data-id=\"bd430ed\" data-element_type=\"widget\" data-e-type=\"widget\" data-widget_type=\"theme-post-content.default\">\n\t\t\t\t\t<h2 class=\"wp-block-heading\"><strong>Setti 1 &#8211; 12\u20ac<\/strong><\/h2>\n<p><em>Kasvis-sosekeitto L\/G<\/em><\/p>\n<h2 class=\"wp-block-heading\"><strong>Setti 2 &#8211; 14\u20ac<\/strong><\/h2>\n<p>Keitto L\/G<\/p>\n<p><strong>Valitsemasi p\u00e4\u00e4ruoka: <\/strong><\/p>\n<p><strong>Insalata della Settimana G\/L<\/strong><br \/>\n<em>Kana-fetasalaatti<\/em><\/p>\n<p><strong>Parmigiana di Melanzane VL\/G <\/strong><br \/>\n<em>Munakoiso-mozzarellapaistos<\/em><\/p>\n<p><strong>Cannelloni con Ricotta VL <\/strong><br \/>\n<em>Ricotta-pinaattit\u00e4ytteiset uunicannellonit<\/em><\/p>\n<p><strong>Lasagne L <\/strong><br \/>\n<em>Lasagnebuffet<\/em><\/p>\n<p><strong>Pasta L <\/strong><br \/>\n<em>Pastaa, naudan jauhelihakastikkeessa<\/em><\/p>\n<p><strong>Risotto L\/G <\/strong><br \/>\n<em>Kirsikkatomaatti-fetarisotto<\/em><\/p>\n<h2 class=\"wp-block-heading\"><strong>Setti 3 &#8211; 16\u20ac<\/strong><\/h2>\n<p><strong>Secondo G <\/strong><br \/>\n<em>Kotimaista kirjolohta, pikku perunaa sek\u00e4 yrtti gremolataa<\/em><\/p>\n<p>&nbsp;<\/p>\n\t\t\t\t<\/div>\n\t\t\t\t<\/div>\n\t\t\t\t\t<\/div>\n\t\t\t\t<\/div>\n\t\t\t\t<\/div>\n\t\t\t\t<div data-elementor-type=\"loop-item\" data-elementor-id=\"316\" class=\"elementor elementor-316 e-loop-item e-loop-item-272 post-272 lounas type-lounas status-publish format-standard hentry\" data-elementor-post-type=\"elementor_library\" data-custom-edit-handle=\"1\">\n\t\t\t<div class=\"elementor-element elementor-element-dbe419e e-flex e-con-boxed e-con e-parent\" data-id=\"dbe419e\" data-element_type=\"container\" data-e-type=\"container\" data-settings=\"{&quot;background_background&quot;:&quot;classic&quot;}\">\n\t\t\t\t\t<div class=\"e-con-inner\">\n\t\t<div class=\"elementor-element elementor-element-f335221 e-con-full e-flex e-con e-child\" data-id=\"f335221\" data-element_type=\"container\" data-e-type=\"container\" data-settings=\"{&quot;background_background&quot;:&quot;classic&quot;}\">\n\t\t\t\t<div class=\"elementor-element elementor-element-849a103 elementor-widget elementor-widget-heading\" data-id=\"849a103\" data-element_type=\"widget\" data-e-type=\"widget\" data-widget_type=\"heading.default\">\n\t\t\t\t\t<h3 class=\"elementor-heading-title elementor-size-default\">Tiistai<\/h3>\t\t\t\t<\/div>\n\t\t\t\t<div class=\"elementor-element elementor-element-bd430ed elementor-widget elementor-widget-theme-post-content\" data-id=\"bd430ed\" data-element_type=\"widget\" data-e-type=\"widget\" data-widget_type=\"theme-post-content.default\">\n\t\t\t\t\t<h2 class=\"wp-block-heading\"><strong>Setti 1 &#8211; 12\u20ac<\/strong><\/h2>\n<p><em>Bataattikeitto L\/G<\/em><\/p>\n<h2 class=\"wp-block-heading\"><strong>Setti 2 &#8211; 14\u20ac<\/strong><\/h2>\n<p>Keitto L\/G<\/p>\n<p><strong>Valitsemasi p\u00e4\u00e4ruoka:<\/strong><\/p>\n<p><strong>Insalata della Settimana L\/G<\/strong><br \/>\n<em>Kana-fetasalaatti<\/em><\/p>\n<p><strong>Parmigiana di Melanzane VL\/G<\/strong><br \/>\n<em>Munakoiso-mozzarellapaistos<\/em><\/p>\n<p><strong>Cannelloni con Ricotta VL<\/strong><br \/>\n<em>Ricotta-pinaattit\u00e4ytteiset uunicannellonit<\/em><\/p>\n<p><strong>Lasagne L<\/strong><br \/>\n<em>Lasagnebuffet<\/em><\/p>\n<p><strong>Pasta L<\/strong><br \/>\n<em>Pastaa, syd\u00e4nsimpukoita sek\u00e4 tuoretta chili\u00e4 valkosipuli-oliivi\u00f6ljykastikkeessa<\/em><\/p>\n<p><strong>Risotto L\/G<\/strong><br \/>\n<em>Kermaista kana-gorgonzolarisottoa<\/em><\/p>\n<h2 class=\"wp-block-heading\"><strong>Setti 3 &#8211; 16\u20ac<\/strong><\/h2>\n<p><strong>Secondo G<\/strong><br \/>\n<em>Kotimaista kirjolohta. pikku perunaa sek\u00e4 yrtti gremolataa<\/em><\/p>\n\t\t\t\t<\/div>\n\t\t\t\t<\/div>\n\t\t\t\t\t<\/div>\n\t\t\t\t<\/div>\n\t\t\t\t<\/div>\n\t\t\t\t<div data-elementor-type=\"loop-item\" data-elementor-id=\"316\" class=\"elementor elementor-316 e-loop-item e-loop-item-274 post-274 lounas type-lounas status-publish format-standard hentry\" data-elementor-post-type=\"elementor_library\" data-custom-edit-handle=\"1\">\n\t\t\t<div class=\"elementor-element elementor-element-dbe419e e-flex e-con-boxed e-con e-parent\" data-id=\"dbe419e\" data-element_type=\"container\" data-e-type=\"container\" data-settings=\"{&quot;background_background&quot;:&quot;classic&quot;}\">\n\t\t\t\t\t<div class=\"e-con-inner\">\n\t\t<div class=\"elementor-element elementor-element-f335221 e-con-full e-flex e-con e-child\" data-id=\"f335221\" data-element_type=\"container\" data-e-type=\"container\" data-settings=\"{&quot;background_background&quot;:&quot;classic&quot;}\">\n\t\t\t\t<div class=\"elementor-element elementor-element-849a103 elementor-widget elementor-widget-heading\" data-id=\"849a103\" data-element_type=\"widget\" data-e-type=\"widget\" data-widget_type=\"heading.default\">\n\t\t\t\t\t<h3 class=\"elementor-heading-title elementor-size-default\">Keskiviikko<\/h3>\t\t\t\t<\/div>\n\t\t\t\t<div class=\"elementor-element elementor-element-bd430ed elementor-widget elementor-widget-theme-post-content\" data-id=\"bd430ed\" data-element_type=\"widget\" data-e-type=\"widget\" data-widget_type=\"theme-post-content.default\">\n\t\t\t\t\t<h2 class=\"wp-block-heading\"><strong>Setti 1 &#8211; 12\u20ac<\/strong><\/h2>\n<p><em>Porkkana-rakuunakeitto L\/G<\/em><\/p>\n<h2 class=\"wp-block-heading\"><strong>Setti 2 &#8211; 14\u20ac<\/strong><\/h2>\n<p><em>Keitto L\/G<\/em><\/p>\n<p><strong>Valitsemasi p\u00e4\u00e4ruoka:<\/strong><\/p>\n<p><strong>Insalata della Settimana L\/G<\/strong><br \/>\n<em>Kana-fetasalaatti<\/em><\/p>\n<p><strong>Parmigiana di Melanzane VL\/G<\/strong><br \/>\n<em>Munakoiso-mozzarellapaistos<\/em><\/p>\n<p><strong>Cannelloni con Ricotta VL<\/strong><br \/>\n<em>Ricotta-pinaattit\u00e4ytteiset uunicannellonit<\/em><\/p>\n<p><strong>Lasagne L<\/strong><br \/>\n<em>Lasagnebuffet<\/em><\/p>\n<p><strong>Pasta L<\/strong><br \/>\n<em>Pastaa, kanaa sek\u00e4 sipulia tomaatti-basilikakastikkeessa<\/em><\/p>\n<p><strong>Risotto L\/G<br \/>\n<\/strong><em>Katkarapu-tillirisottoa<\/em><\/p>\n<h2 class=\"wp-block-heading\"><strong>Setti 3 &#8211; 16\u20ac<\/strong><\/h2>\n<p><strong>Secondo G<\/strong><br \/>\n<em>Kotimaista kirjolohta, pikku perunaa sek\u00e4 yrtti gremolataa<\/em><\/p>\n\t\t\t\t<\/div>\n\t\t\t\t<\/div>\n\t\t\t\t\t<\/div>\n\t\t\t\t<\/div>\n\t\t\t\t<\/div>\n\t\t\t\t<div data-elementor-type=\"loop-item\" data-elementor-id=\"316\" class=\"elementor elementor-316 e-loop-item e-loop-item-276 post-276 lounas type-lounas status-publish format-standard hentry\" data-elementor-post-type=\"elementor_library\" data-custom-edit-handle=\"1\">\n\t\t\t<div class=\"elementor-element elementor-element-dbe419e e-flex e-con-boxed e-con e-parent\" data-id=\"dbe419e\" data-element_type=\"container\" data-e-type=\"container\" data-settings=\"{&quot;background_background&quot;:&quot;classic&quot;}\">\n\t\t\t\t\t<div class=\"e-con-inner\">\n\t\t<div class=\"elementor-element elementor-element-f335221 e-con-full e-flex e-con e-child\" data-id=\"f335221\" data-element_type=\"container\" data-e-type=\"container\" data-settings=\"{&quot;background_background&quot;:&quot;classic&quot;}\">\n\t\t\t\t<div class=\"elementor-element elementor-element-849a103 elementor-widget elementor-widget-heading\" data-id=\"849a103\" data-element_type=\"widget\" data-e-type=\"widget\" data-widget_type=\"heading.default\">\n\t\t\t\t\t<h3 class=\"elementor-heading-title elementor-size-default\">Torstai<\/h3>\t\t\t\t<\/div>\n\t\t\t\t<div class=\"elementor-element elementor-element-bd430ed elementor-widget elementor-widget-theme-post-content\" data-id=\"bd430ed\" data-element_type=\"widget\" data-e-type=\"widget\" data-widget_type=\"theme-post-content.default\">\n\t\t\t\t\t<h2 class=\"wp-block-heading\"><strong>Setti 1 &#8211; 12\u20ac<\/strong><\/h2>\n<p><em>Lohikeitto L\/G<\/em><\/p>\n<h2 class=\"wp-block-heading\"><strong>Setti 2 &#8211; 14\u20ac<\/strong><\/h2>\n<p><em>Keitto L\/G<\/em><\/p>\n<p><strong>Valitsemasi p\u00e4\u00e4ruoka:<\/strong><\/p>\n<p><strong>Insalata della Settimana L\/G<\/strong><br \/>\n<em>Kana-fetasalaatti<\/em><\/p>\n<p><strong>Parmigiana di Melanzane VL\/G<\/strong><br \/>\n<em>Munakoiso-mozzarellapaistos<\/em><\/p>\n<p><strong>Cannelloni con Ricotta VL<\/strong><br \/>\n<em>Ricotta-pinaattit\u00e4ytteiset uunicannellonit<\/em><\/p>\n<p><strong>Lasagne L<\/strong><br \/>\n<em>Lasagnebuffet<\/em><\/p>\n<p><strong>Pasta L<\/strong><br \/>\n<em>Pastaa 3 juuston kastikkeessa<\/em><\/p>\n<p><strong>Risotto L\/G<\/strong><br \/>\n<em>Kermaista kana-sitruunarisottoa<\/em><\/p>\n<h2 class=\"wp-block-heading\"><strong>Setti 3 &#8211; 16\u20ac<\/strong><\/h2>\n<p><strong>Secondo G<\/strong><br \/>\n<em>Kotimaista kirjolohta, pikku perunaa sek\u00e4 yrtti gremolataa<\/em><\/p>\n\t\t\t\t<\/div>\n\t\t\t\t<\/div>\n\t\t\t\t\t<\/div>\n\t\t\t\t<\/div>\n\t\t\t\t<\/div>\n\t\t\t\t<\/div>\n\t\t\n\t\t\t\t\t\t<\/div>\n\t\t\t\t<\/div>\n\t\t\t\t\t<\/div>\n\t\t\t\t<\/div>\n\t\t\t\t<\/div>\n\t\t","protected":false},"excerpt":{"rendered":"<p>Lunch<\/p>","protected":false},"author":1,"featured_media":0,"parent":0,"menu_order":0,"comment_status":"closed","ping_status":"closed","template":"","meta":{"_acf_changed":false,"footnotes":""},"class_list":["post-280","page","type-page","status-publish","hentry"],"acf":[],"yoast_head":"<!-- This site is optimized with the Yoast SEO plugin v27.3 - https:\/\/yoast.com\/product\/yoast-seo-wordpress\/ -->\n<title>Lounas | Punto e Pasta | Pala Italiaa Vantaan Tikkurilassa<\/title>\n<meta name=\"robots\" content=\"index, follow, max-snippet:-1, max-image-preview:large, max-video-preview:-1\" \/>\n<link rel=\"canonical\" href=\"https:\/\/puntoepasta.fi\/en\/lounas\/\" \/>\n<meta property=\"og:locale\" content=\"en_GB\" \/>\n<meta property=\"og:type\" content=\"article\" \/>\n<meta property=\"og:title\" content=\"Lounas | Punto e Pasta | Pala Italiaa Vantaan Tikkurilassa\" \/>\n<meta property=\"og:description\" content=\"Lounas\" \/>\n<meta property=\"og:url\" content=\"https:\/\/puntoepasta.fi\/en\/lounas\/\" \/>\n<meta property=\"og:site_name\" content=\"Punto e Pasta\" \/>\n<meta property=\"article:publisher\" content=\"https:\/\/www.facebook.com\/lapasteriaitaliana\/?locale=fi_FI\" \/>\n<meta property=\"article:modified_time\" content=\"2026-03-15T22:24:51+00:00\" \/>\n<meta property=\"og:image\" content=\"https:\/\/puntoepasta.fi\/wp-content\/uploads\/2026\/03\/punto-e-pasta-kuvituskuva-01.jpg\" \/>\n\t<meta property=\"og:image:width\" content=\"1316\" \/>\n\t<meta property=\"og:image:height\" content=\"1007\" \/>\n\t<meta property=\"og:image:type\" content=\"image\/jpeg\" \/>\n<meta name=\"twitter:card\" content=\"summary_large_image\" \/>\n<meta name=\"twitter:label1\" content=\"Estimated reading time\" \/>\n\t<meta name=\"twitter:data1\" content=\"2 minutes\" \/>\n<script type=\"application\/ld+json\" class=\"yoast-schema-graph\">{\"@context\":\"https:\\\/\\\/schema.org\",\"@graph\":[{\"@type\":\"WebPage\",\"@id\":\"https:\\\/\\\/puntoepasta.fi\\\/lounas\\\/\",\"url\":\"https:\\\/\\\/puntoepasta.fi\\\/lounas\\\/\",\"name\":\"Lounas | Punto e Pasta | Pala Italiaa Vantaan Tikkurilassa\",\"isPartOf\":{\"@id\":\"https:\\\/\\\/puntoepasta.fi\\\/#website\"},\"datePublished\":\"2026-03-12T00:18:31+00:00\",\"dateModified\":\"2026-03-15T22:24:51+00:00\",\"breadcrumb\":{\"@id\":\"https:\\\/\\\/puntoepasta.fi\\\/lounas\\\/#breadcrumb\"},\"inLanguage\":\"en-GB\",\"potentialAction\":[{\"@type\":\"ReadAction\",\"target\":[\"https:\\\/\\\/puntoepasta.fi\\\/lounas\\\/\"]}]},{\"@type\":\"BreadcrumbList\",\"@id\":\"https:\\\/\\\/puntoepasta.fi\\\/lounas\\\/#breadcrumb\",\"itemListElement\":[{\"@type\":\"ListItem\",\"position\":1,\"name\":\"Etusivu\",\"item\":\"https:\\\/\\\/puntoepasta.fi\\\/\"},{\"@type\":\"ListItem\",\"position\":2,\"name\":\"Lounas\"}]},{\"@type\":\"WebSite\",\"@id\":\"https:\\\/\\\/puntoepasta.fi\\\/#website\",\"url\":\"https:\\\/\\\/puntoepasta.fi\\\/\",\"name\":\"Punto e Pasta\",\"description\":\"Pala Italiaa Vantaan  Tikkurilassa.\",\"publisher\":{\"@id\":\"https:\\\/\\\/puntoepasta.fi\\\/#organization\"},\"potentialAction\":[{\"@type\":\"SearchAction\",\"target\":{\"@type\":\"EntryPoint\",\"urlTemplate\":\"https:\\\/\\\/puntoepasta.fi\\\/?s={search_term_string}\"},\"query-input\":{\"@type\":\"PropertyValueSpecification\",\"valueRequired\":true,\"valueName\":\"search_term_string\"}}],\"inLanguage\":\"en-GB\"},{\"@type\":\"Organization\",\"@id\":\"https:\\\/\\\/puntoepasta.fi\\\/#organization\",\"name\":\"Punto e Pasta\",\"url\":\"https:\\\/\\\/puntoepasta.fi\\\/\",\"logo\":{\"@type\":\"ImageObject\",\"inLanguage\":\"en-GB\",\"@id\":\"https:\\\/\\\/puntoepasta.fi\\\/#\\\/schema\\\/logo\\\/image\\\/\",\"url\":\"https:\\\/\\\/puntoepasta.fi\\\/wp-content\\\/uploads\\\/2026\\\/03\\\/Punto-e-pasta-6.jpg\",\"contentUrl\":\"https:\\\/\\\/puntoepasta.fi\\\/wp-content\\\/uploads\\\/2026\\\/03\\\/Punto-e-pasta-6.jpg\",\"width\":2048,\"height\":1366,\"caption\":\"Punto e Pasta\"},\"image\":{\"@id\":\"https:\\\/\\\/puntoepasta.fi\\\/#\\\/schema\\\/logo\\\/image\\\/\"},\"sameAs\":[\"https:\\\/\\\/www.facebook.com\\\/lapasteriaitaliana\\\/?locale=fi_FI\",\"https:\\\/\\\/www.instagram.com\\\/puntoepastatikkurila\\\/?hl=fi#\"]}]}<\/script>\n<!-- \/ Yoast SEO plugin. -->","yoast_head_json":{"title":"Lounas | Punto e Pasta | Pala Italiaa Vantaan Tikkurilassa","robots":{"index":"index","follow":"follow","max-snippet":"max-snippet:-1","max-image-preview":"max-image-preview:large","max-video-preview":"max-video-preview:-1"},"canonical":"https:\/\/puntoepasta.fi\/en\/lounas\/","og_locale":"en_GB","og_type":"article","og_title":"Lounas | Punto e Pasta | Pala Italiaa Vantaan Tikkurilassa","og_description":"Lounas","og_url":"https:\/\/puntoepasta.fi\/en\/lounas\/","og_site_name":"Punto e Pasta","article_publisher":"https:\/\/www.facebook.com\/lapasteriaitaliana\/?locale=fi_FI","article_modified_time":"2026-03-15T22:24:51+00:00","og_image":[{"width":1316,"height":1007,"url":"https:\/\/puntoepasta.fi\/wp-content\/uploads\/2026\/03\/punto-e-pasta-kuvituskuva-01.jpg","type":"image\/jpeg"}],"twitter_card":"summary_large_image","twitter_misc":{"Estimated reading time":"2 minutes"},"schema":{"@context":"https:\/\/schema.org","@graph":[{"@type":"WebPage","@id":"https:\/\/puntoepasta.fi\/lounas\/","url":"https:\/\/puntoepasta.fi\/lounas\/","name":"Lounas | Punto e Pasta | Pala Italiaa Vantaan Tikkurilassa","isPartOf":{"@id":"https:\/\/puntoepasta.fi\/#website"},"datePublished":"2026-03-12T00:18:31+00:00","dateModified":"2026-03-15T22:24:51+00:00","breadcrumb":{"@id":"https:\/\/puntoepasta.fi\/lounas\/#breadcrumb"},"inLanguage":"en-GB","potentialAction":[{"@type":"ReadAction","target":["https:\/\/puntoepasta.fi\/lounas\/"]}]},{"@type":"BreadcrumbList","@id":"https:\/\/puntoepasta.fi\/lounas\/#breadcrumb","itemListElement":[{"@type":"ListItem","position":1,"name":"Etusivu","item":"https:\/\/puntoepasta.fi\/"},{"@type":"ListItem","position":2,"name":"Lounas"}]},{"@type":"WebSite","@id":"https:\/\/puntoepasta.fi\/#website","url":"https:\/\/puntoepasta.fi\/","name":"Punto e Pasta","description":"Pala Italiaa Vantaan  Tikkurilassa.","publisher":{"@id":"https:\/\/puntoepasta.fi\/#organization"},"potentialAction":[{"@type":"SearchAction","target":{"@type":"EntryPoint","urlTemplate":"https:\/\/puntoepasta.fi\/?s={search_term_string}"},"query-input":{"@type":"PropertyValueSpecification","valueRequired":true,"valueName":"search_term_string"}}],"inLanguage":"en-GB"},{"@type":"Organization","@id":"https:\/\/puntoepasta.fi\/#organization","name":"Punto e Pasta","url":"https:\/\/puntoepasta.fi\/","logo":{"@type":"ImageObject","inLanguage":"en-GB","@id":"https:\/\/puntoepasta.fi\/#\/schema\/logo\/image\/","url":"https:\/\/puntoepasta.fi\/wp-content\/uploads\/2026\/03\/Punto-e-pasta-6.jpg","contentUrl":"https:\/\/puntoepasta.fi\/wp-content\/uploads\/2026\/03\/Punto-e-pasta-6.jpg","width":2048,"height":1366,"caption":"Punto e Pasta"},"image":{"@id":"https:\/\/puntoepasta.fi\/#\/schema\/logo\/image\/"},"sameAs":["https:\/\/www.facebook.com\/lapasteriaitaliana\/?locale=fi_FI","https:\/\/www.instagram.com\/puntoepastatikkurila\/?hl=fi#"]}]}},"_links":{"self":[{"href":"https:\/\/puntoepasta.fi\/en\/wp-json\/wp\/v2\/pages\/280","targetHints":{"allow":["GET"]}}],"collection":[{"href":"https:\/\/puntoepasta.fi\/en\/wp-json\/wp\/v2\/pages"}],"about":[{"href":"https:\/\/puntoepasta.fi\/en\/wp-json\/wp\/v2\/types\/page"}],"author":[{"embeddable":true,"href":"https:\/\/puntoepasta.fi\/en\/wp-json\/wp\/v2\/users\/1"}],"replies":[{"embeddable":true,"href":"https:\/\/puntoepasta.fi\/en\/wp-json\/wp\/v2\/comments?post=280"}],"version-history":[{"count":101,"href":"https:\/\/puntoepasta.fi\/en\/wp-json\/wp\/v2\/pages\/280\/revisions"}],"predecessor-version":[{"id":962,"href":"https:\/\/puntoepasta.fi\/en\/wp-json\/wp\/v2\/pages\/280\/revisions\/962"}],"wp:attachment":[{"href":"https:\/\/puntoepasta.fi\/en\/wp-json\/wp\/v2\/media?parent=280"}],"curies":[{"name":"wp","href":"https:\/\/api.w.org\/{rel}","templated":true}]}}