{"id":359,"date":"2026-03-12T11:53:14","date_gmt":"2026-03-12T09:53:14","guid":{"rendered":"https:\/\/puntoepasta.fi\/?page_id=359"},"modified":"2026-03-15T22:52:15","modified_gmt":"2026-03-15T20:52:15","slug":"a-la-carte","status":"publish","type":"page","link":"https:\/\/puntoepasta.fi\/en\/a-la-carte\/","title":{"rendered":"A la carte"},"content":{"rendered":"\t\t<div data-elementor-type=\"wp-page\" data-elementor-id=\"359\" class=\"elementor elementor-359\" data-elementor-post-type=\"page\">\n\t\t\t\t<div class=\"elementor-element elementor-element-5c8fa7b e-con-full e-flex e-con e-parent\" data-id=\"5c8fa7b\" data-element_type=\"container\" data-e-type=\"container\" data-settings=\"{&quot;background_background&quot;:&quot;classic&quot;}\">\n\t\t<div class=\"elementor-element elementor-element-9c2e857 e-con-full e-flex e-con e-child\" data-id=\"9c2e857\" data-element_type=\"container\" data-e-type=\"container\">\n\t\t\t\t<div class=\"elementor-element elementor-element-f1d8a8d elementor-widget-tablet__width-initial elementor-widget elementor-widget-heading\" data-id=\"f1d8a8d\" data-element_type=\"widget\" data-e-type=\"widget\" data-widget_type=\"heading.default\">\n\t\t\t\t\t<h1 class=\"elementor-heading-title elementor-size-default\">A la carte<\/h1>\t\t\t\t<\/div>\n\t\t\t\t<div class=\"elementor-element elementor-element-170f4d8 elementor-widget__width-initial elementor-widget-tablet__width-inherit elementor-widget elementor-widget-text-editor\" data-id=\"170f4d8\" data-element_type=\"widget\" data-e-type=\"widget\" data-widget_type=\"text-editor.default\">\n\t\t\t\t\t\t\t\t\t<p>Saatavilla gluteenitonta pastaa sek\u00e4 pizzaa. Gluteenittomasta pizzasta veloitamme +3\u20ac. Suurin osa annoksista laktoosittomia.<\/p>\n<p><strong>Kysy lis\u00e4\u00e4 allergeeneista henkil\u00f6kunnalta.<\/strong><\/p>\n\t\t\t\t\t\t\t\t<\/div>\n\t\t\t\t<\/div>\n\t\t\t\t<\/div>\n\t\t<div class=\"elementor-element elementor-element-5a93741 e-flex e-con-boxed e-con e-parent\" data-id=\"5a93741\" data-element_type=\"container\" data-e-type=\"container\" data-settings=\"{&quot;background_background&quot;:&quot;classic&quot;}\">\n\t\t\t\t\t<div class=\"e-con-inner\">\n\t\t\t\t<div class=\"elementor-element elementor-element-a463483 elementor-grid-2 elementor-grid-tablet-1 elementor-grid-mobile-1 elementor-widget elementor-widget-loop-grid\" data-id=\"a463483\" data-element_type=\"widget\" data-e-type=\"widget\" data-settings=\"{&quot;template_id&quot;:364,&quot;columns&quot;:2,&quot;columns_tablet&quot;:1,&quot;masonry&quot;:&quot;yes&quot;,&quot;row_gap&quot;:{&quot;unit&quot;:&quot;px&quot;,&quot;size&quot;:32,&quot;sizes&quot;:[]},&quot;_skin&quot;:&quot;post&quot;,&quot;columns_mobile&quot;:&quot;1&quot;,&quot;edit_handle_selector&quot;:&quot;[data-elementor-type=\\&quot;loop-item\\&quot;]&quot;,&quot;row_gap_tablet&quot;:{&quot;unit&quot;:&quot;px&quot;,&quot;size&quot;:&quot;&quot;,&quot;sizes&quot;:[]},&quot;row_gap_mobile&quot;:{&quot;unit&quot;:&quot;px&quot;,&quot;size&quot;:&quot;&quot;,&quot;sizes&quot;:[]}}\" data-widget_type=\"loop-grid.post\">\n\t\t\t\t<div class=\"elementor-widget-container\">\n\t\t\t\t\t\t\t<div class=\"elementor-loop-container elementor-grid\" role=\"list\">\n\t\t<style id=\"loop-364\">.elementor-364 .elementor-element.elementor-element-5c61cc0{--display:flex;--flex-direction:column;--container-widget-width:100%;--container-widget-height:initial;--container-widget-flex-grow:0;--container-widget-align-self:initial;--flex-wrap-mobile:wrap;--margin-top:0px;--margin-bottom:0px;--margin-left:0px;--margin-right:0px;--padding-top:0px;--padding-bottom:0px;--padding-left:0px;--padding-right:0px;}.elementor-364 .elementor-element.elementor-element-d34e627{--display:flex;--margin-top:19px;--margin-bottom:19px;--margin-left:0px;--margin-right:0px;--padding-top:010px;--padding-bottom:010px;--padding-left:20px;--padding-right:20px;}.elementor-364 .elementor-element.elementor-element-d34e627:not(.elementor-motion-effects-element-type-background), .elementor-364 .elementor-element.elementor-element-d34e627 > .elementor-motion-effects-container > .elementor-motion-effects-layer{background-color:#FFFFFF;}.elementor-widget-heading .elementor-heading-title{font-family:var( --e-global-typography-primary-font-family ), Sans-serif;font-weight:var( --e-global-typography-primary-font-weight );color:var( --e-global-color-primary );}.elementor-364 .elementor-element.elementor-element-bfbe917 .elementor-heading-title{font-family:\"tuppence\", Sans-serif;font-size:2em;font-weight:600;line-height:1.1em;color:#000000;}.elementor-364 .elementor-element.elementor-element-bfbe917{margin:0px 0px calc(var(--kit-widget-spacing, 0px) + 0px) 0px;padding:0px 0px 0px 0px;z-index:99;}.elementor-widget-theme-post-content{color:var( --e-global-color-text );font-family:var( --e-global-typography-text-font-family ), Sans-serif;font-weight:var( --e-global-typography-text-font-weight );}.elementor-364 .elementor-element.elementor-element-1763fca{color:#000000;font-family:\"Baloo Bhai\", Sans-serif;font-size:1.1em;font-weight:400;line-height:1.4em;letter-spacing:0px;margin:0px 0px calc(var(--kit-widget-spacing, 0px) + 0px) 0px;padding:0px 0px 0px 0px;z-index:90;}@media(max-width:1024px){.elementor-364 .elementor-element.elementor-element-bfbe917{text-align:start;}.elementor-364 .elementor-element.elementor-element-bfbe917 .elementor-heading-title{font-size:2em;}.elementor-364 .elementor-element.elementor-element-1763fca{text-align:start;font-size:1em;}}@media(max-width:767px){.elementor-364 .elementor-element.elementor-element-bfbe917 .elementor-heading-title{font-size:2em;}.elementor-364 .elementor-element.elementor-element-1763fca{font-size:1em;line-height:1.4em;margin:0px 0px calc(var(--kit-widget-spacing, 0px) + -21px) 0px;}}\/* Start custom CSS for container, class: .elementor-element-5c61cc0 *\/.elementor-364 .elementor-element.elementor-element-5c61cc0 {\n  position: relative;\n  overflow: hidden;\n}\n\n\/* yl\u00e4reuna *\/\n.elementor-364 .elementor-element.elementor-element-5c61cc0::before {\n  content: \"\";\n  position: absolute;\n  top: 0;\n  left: 0;\n  width: 100%;\n  height: clamp(60px, 8vw, 140px);\n  background-image: url(\"https:\/\/puntoepasta.fi\/wp-content\/uploads\/2026\/03\/pasta-reuna-yla.png\");\n  background-repeat: no-repeat;\n  background-size: 100% auto;\n  background-position: top;\n}\n\n\/* alareuna *\/\n.elementor-364 .elementor-element.elementor-element-5c61cc0::after {\n  content: \"\";\n  position: absolute;\n  bottom: 0;\n  left: 0;\n  width: 100%;\n  height: clamp(60px, 8vw, 140px);\n  background-image: url(\"https:\/\/puntoepasta.fi\/wp-content\/uploads\/2026\/03\/pasta-reuna-ala.png\");\n  background-repeat: no-repeat;\n  background-size: 100% auto;\n  background-position: bottom;\n}\/* End custom CSS *\/<\/style>\t\t<div data-elementor-type=\"loop-item\" data-elementor-id=\"364\" class=\"elementor elementor-364 e-loop-item e-loop-item-354 post-354 alacarte type-alacarte status-publish format-standard hentry\" data-elementor-post-type=\"elementor_library\" data-custom-edit-handle=\"1\">\n\t\t\t<div class=\"elementor-element elementor-element-5c61cc0 e-flex e-con-boxed e-con e-parent\" data-id=\"5c61cc0\" data-element_type=\"container\" data-e-type=\"container\" data-settings=\"{&quot;background_background&quot;:&quot;classic&quot;}\">\n\t\t\t\t\t<div class=\"e-con-inner\">\n\t\t<div class=\"elementor-element elementor-element-d34e627 e-con-full e-flex e-con e-child\" data-id=\"d34e627\" data-element_type=\"container\" data-e-type=\"container\" data-settings=\"{&quot;background_background&quot;:&quot;classic&quot;}\">\n\t\t\t\t<div class=\"elementor-element elementor-element-bfbe917 elementor-widget elementor-widget-heading\" data-id=\"bfbe917\" data-element_type=\"widget\" data-e-type=\"widget\" data-widget_type=\"heading.default\">\n\t\t\t\t\t<h3 class=\"elementor-heading-title elementor-size-default\">Antipasti\u00a0<\/h3>\t\t\t\t<\/div>\n\t\t\t\t<div class=\"elementor-element elementor-element-1763fca elementor-widget elementor-widget-theme-post-content\" data-id=\"1763fca\" data-element_type=\"widget\" data-e-type=\"widget\" data-widget_type=\"theme-post-content.default\">\n\t\t\t\t\t\r\n<p><strong>BRUSCHETTA AL POMODORO\u00a010\u00a0\u00a0<\/strong><\/p>\r\n\r\n\r\n\r\n<p>Paahdettua leip\u00e4\u00e4, tomaattia, valkosipulia sek\u00e4 basilikaa<\/p>\r\n\r\n\r\n\r\n<p><strong>INSALATA PRIMAVERILE \u00a012<\/strong><\/p>\r\n\r\n\r\n\r\n<p>Rucolaa, vihre\u00e4\u00e4 parsaa, parmesaanilastuja sek\u00e4 sitruunankuorta<\/p>\r\n\r\n\r\n\r\n<p><strong>PARMIGIANA PICCOLA\u00a0 14<\/strong><\/p>\r\n\r\n\r\n\r\n<p>Munakoiso-mozzarellapaistos<\/p>\r\n\r\n\r\n\r\n<p><strong>BUFALA CON CREMA DI PISELLI 12<\/strong><br \/><br \/>Bufalajuustoa, hernepestoa, leip\u00e4murua sek\u00e4 minttua<\/p>\r\n\r\n\r\n\r\n<p><strong>POLPO ALLA GRIGLIA \u00a014<\/strong><\/p>\r\n\r\n\r\n\r\n<p>Grillattua mustekalaa, rucolaa, gremolatakastiketta sek\u00e4 sitruunaa<\/p>\r\n\t\t\t\t<\/div>\n\t\t\t\t<\/div>\n\t\t\t\t\t<\/div>\n\t\t\t\t<\/div>\n\t\t\t\t<\/div>\n\t\t\t\t<div data-elementor-type=\"loop-item\" data-elementor-id=\"364\" class=\"elementor elementor-364 e-loop-item e-loop-item-355 post-355 alacarte type-alacarte status-publish format-standard hentry\" data-elementor-post-type=\"elementor_library\" data-custom-edit-handle=\"1\">\n\t\t\t<div class=\"elementor-element elementor-element-5c61cc0 e-flex e-con-boxed e-con e-parent\" data-id=\"5c61cc0\" data-element_type=\"container\" data-e-type=\"container\" data-settings=\"{&quot;background_background&quot;:&quot;classic&quot;}\">\n\t\t\t\t\t<div class=\"e-con-inner\">\n\t\t<div class=\"elementor-element elementor-element-d34e627 e-con-full e-flex e-con e-child\" data-id=\"d34e627\" data-element_type=\"container\" data-e-type=\"container\" data-settings=\"{&quot;background_background&quot;:&quot;classic&quot;}\">\n\t\t\t\t<div class=\"elementor-element elementor-element-bfbe917 elementor-widget elementor-widget-heading\" data-id=\"bfbe917\" data-element_type=\"widget\" data-e-type=\"widget\" data-widget_type=\"heading.default\">\n\t\t\t\t\t<h3 class=\"elementor-heading-title elementor-size-default\">Paste e Risotti\u00a0<\/h3>\t\t\t\t<\/div>\n\t\t\t\t<div class=\"elementor-element elementor-element-1763fca elementor-widget elementor-widget-theme-post-content\" data-id=\"1763fca\" data-element_type=\"widget\" data-e-type=\"widget\" data-widget_type=\"theme-post-content.default\">\n\t\t\t\t\t\r\n<p><strong>SPAGHETTI CON AGLIO E OLIO 19<\/strong><\/p>\r\n\r\n\r\n\r\n<p>Pastaa, valkosipulia, tuoretta chili\u00e4 sek\u00e4 oliivi\u00f6ljy\u00e4<\/p>\r\n\r\n\r\n\r\n<p><strong>PASTA CON PESTO E PROSCIUTTO \u00a023<\/strong><\/p>\r\n\r\n\r\n\r\n<p>Pastaa, talon hernepestoa sek\u00e4 rapeaa prosciuttoa<\/p>\r\n\r\n\r\n\r\n<p><strong>SPAGHETTI CACIO E PEPE 19<\/strong><\/p>\r\n\r\n\r\n\r\n<p>Pastaa mustapippurikastikkeessa<\/p>\r\n\r\n\r\n\r\n<p><strong>PASTA AL RAG\u00da \u00a024<\/strong><\/p>\r\n\r\n\r\n\r\n<p>Pastaa sek\u00e4 pitk\u00e4\u00e4n haudutettua h\u00e4rk\u00e4\u00e4 talon tomaattikastikkeessa<\/p>\r\n\r\n\r\n\r\n<p><strong>SALSICCIA E ZAFFERANO \u00a023<\/strong><\/p>\r\n\r\n\r\n\r\n<p>Kermaista sahrami-tuoremakkararisottoa<\/p>\r\n\r\n\r\n\r\n<p><strong>SPAGHETTI AL RAG\u00da DI MARE \u00a023<\/strong><\/p>\r\n\r\n\r\n\r\n<p>Pastaa, pitk\u00e4\u00e4n haudutettua mustekalaa sek\u00e4 sini- ja syd\u00e4nsimpukoita tomaattikastikkeessa<\/p>\r\n\r\n\r\n\r\n<p><strong>RISOTTO CON GAMBERETTI E GREMOLATA 23<\/strong><\/p>\r\n\r\n\r\n\r\n<p>Kermaista katkarapurisottoa, kes\u00e4kurpitsaa sek\u00e4 gremolataa<\/p>\r\n\r\n\r\n\r\n<p><strong>PAPPARDELLE AI GAMBERONI \u00a024<\/strong><\/p>\r\n\r\n\r\n\r\n<p>Pastaa, kuorittuja katkarapuja, puolikuivattuja tomaatteja sek\u00e4 tuoretta chili\u00e4 sahrami-voikastikkeessa<\/p>\r\n\r\n\r\n\r\n<p><strong>PAPPARDELLE POLLO E TARTUFO 24<\/strong><\/p>\r\n\r\n\r\n\r\n<p>Pastaa sek\u00e4 kermaista tryffelikastiketta ja kanaa<\/p>\r\n\r\n\r\n\r\n<p><strong>*GLUTEIINITON PASTA MY\u00d6S SAATAVILLA<\/strong><\/p>\r\n\r\n\r\n\t\t\t\t<\/div>\n\t\t\t\t<\/div>\n\t\t\t\t\t<\/div>\n\t\t\t\t<\/div>\n\t\t\t\t<\/div>\n\t\t\t\t<div data-elementor-type=\"loop-item\" data-elementor-id=\"364\" class=\"elementor elementor-364 e-loop-item e-loop-item-356 post-356 alacarte type-alacarte status-publish format-standard hentry\" data-elementor-post-type=\"elementor_library\" data-custom-edit-handle=\"1\">\n\t\t\t<div class=\"elementor-element elementor-element-5c61cc0 e-flex e-con-boxed e-con e-parent\" data-id=\"5c61cc0\" data-element_type=\"container\" data-e-type=\"container\" data-settings=\"{&quot;background_background&quot;:&quot;classic&quot;}\">\n\t\t\t\t\t<div class=\"e-con-inner\">\n\t\t<div class=\"elementor-element elementor-element-d34e627 e-con-full e-flex e-con e-child\" data-id=\"d34e627\" data-element_type=\"container\" data-e-type=\"container\" data-settings=\"{&quot;background_background&quot;:&quot;classic&quot;}\">\n\t\t\t\t<div class=\"elementor-element elementor-element-bfbe917 elementor-widget elementor-widget-heading\" data-id=\"bfbe917\" data-element_type=\"widget\" data-e-type=\"widget\" data-widget_type=\"heading.default\">\n\t\t\t\t\t<h3 class=\"elementor-heading-title elementor-size-default\">Secondi<\/h3>\t\t\t\t<\/div>\n\t\t\t\t<div class=\"elementor-element elementor-element-1763fca elementor-widget elementor-widget-theme-post-content\" data-id=\"1763fca\" data-element_type=\"widget\" data-e-type=\"widget\" data-widget_type=\"theme-post-content.default\">\n\t\t\t\t\t\r\n<p><strong>PARMIGIANA DI MELANZANE\u00a0 20<\/strong><\/p>\r\n\r\n\r\n\r\n<p>Munakoiso-mozzarella paistos<\/p>\r\n\r\n\r\n\r\n<p><strong>GAMBERONI E COZZE AL POMODORO 29<\/strong><\/p>\r\n\r\n\r\n\r\n<p>Isoja katkarapuja, sinisimpukoita sek\u00e4 tuoretta chili\u00e4 valkosipuli-tomaattikastikkeessa\u00a0<\/p>\r\n\r\n\r\n\r\n<p><strong>AGNELLO CON CAPONATA SICILIANA 31<\/strong><\/p>\r\n\r\n\r\n\r\n<p>Karitsan karetta sek\u00e4 sisilialaista kasvis caponataa<\/p>\r\n\t\t\t\t<\/div>\n\t\t\t\t<\/div>\n\t\t\t\t\t<\/div>\n\t\t\t\t<\/div>\n\t\t\t\t<\/div>\n\t\t\t\t<div data-elementor-type=\"loop-item\" data-elementor-id=\"364\" class=\"elementor elementor-364 e-loop-item e-loop-item-357 post-357 alacarte type-alacarte status-publish format-standard hentry\" data-elementor-post-type=\"elementor_library\" data-custom-edit-handle=\"1\">\n\t\t\t<div class=\"elementor-element elementor-element-5c61cc0 e-flex e-con-boxed e-con e-parent\" data-id=\"5c61cc0\" data-element_type=\"container\" data-e-type=\"container\" data-settings=\"{&quot;background_background&quot;:&quot;classic&quot;}\">\n\t\t\t\t\t<div class=\"e-con-inner\">\n\t\t<div class=\"elementor-element elementor-element-d34e627 e-con-full e-flex e-con e-child\" data-id=\"d34e627\" data-element_type=\"container\" data-e-type=\"container\" data-settings=\"{&quot;background_background&quot;:&quot;classic&quot;}\">\n\t\t\t\t<div class=\"elementor-element elementor-element-bfbe917 elementor-widget elementor-widget-heading\" data-id=\"bfbe917\" data-element_type=\"widget\" data-e-type=\"widget\" data-widget_type=\"heading.default\">\n\t\t\t\t\t<h3 class=\"elementor-heading-title elementor-size-default\">Pizze<\/h3>\t\t\t\t<\/div>\n\t\t\t\t<div class=\"elementor-element elementor-element-1763fca elementor-widget elementor-widget-theme-post-content\" data-id=\"1763fca\" data-element_type=\"widget\" data-e-type=\"widget\" data-widget_type=\"theme-post-content.default\">\n\t\t\t\t\t\r\n<p><strong>MARGHERITA \u00a015<\/strong><br \/>Bufala juustoa, basilikaa sek\u00e4 oliivi\u00f6ljy\u00e4<\/p>\r\n\r\n\r\n\r\n<p><strong>3 FORMAGGI(BIANCA) \u00a017<\/strong><br \/>Bufala-, gorgonzola-, sek\u00e4 parmesaanijuustoa (vaalea)<\/p>\r\n\r\n\r\n\r\n<p><strong>NORMA \u00a016<\/strong><br \/>Munakoisoa, marinoitua punasipulia, parmesaanilastuja sek\u00e4 basilikaa<\/p>\r\n\r\n\r\n\r\n<p><strong>PRIMAVERILE \u00a016<\/strong><br \/>Kes\u00e4kurpitsaa, parsaa, parmesaanilastuja, basilikaa sek\u00e4 sitruunankuorta<\/p>\r\n\r\n\r\n\r\n<p><strong>TONNO E CIPOLLA \u00a017<\/strong><br \/>Tonnikalaa, marinoitua punasipulia sek\u00e4 rucolaa<\/p>\r\n\r\n\r\n\r\n<p><strong>GAMBERONI E CAPPERI\u00a0 20<\/strong><br \/>J\u00e4ttikatkarapuja, tuoretta chili\u00e4, kapriksia, valkosipulia sek\u00e4 parmesaania<\/p>\r\n\r\n\r\n\r\n<p><strong>FRUTTI DI MARE (ROSSO) \u00a020<\/strong><\/p>\r\n\r\n\r\n\r\n<p>Isoja katkarapuja, tonnikalaa, syd\u00e4nsimpukoita sek\u00e4 valkosipulia<\/p>\r\n\r\n\r\n\r\n<p><strong>POLLO E CAPRA \u00a018<\/strong><br \/>Kanaa, vuohenjuustoa, aurinkokuivattuja tomaatteja sek\u00e4 rucolaa<\/p>\r\n\r\n\r\n\r\n<p><strong>DIAVOLA \u00a018<\/strong><br \/>Salamia, gorgonzolajuustoa, calamata oliiveja sek\u00e4 valkosipulia<\/p>\r\n\r\n\r\n\r\n<p><strong>DUE CARNI \u00a017<\/strong><\/p>\r\n\r\n\r\n\r\n<p>Italialaista salamia sek\u00e4 talon tuoremakkaraa<\/p>\r\n\r\n\r\n\r\n<p><strong>\u00b4NDUJA \u00a018<\/strong><br \/>Tulista Calabrialaista salamitahnaa, bufala juustoa sek\u00e4 basilikaa<\/p>\r\n\r\n\r\n\r\n<p><strong>CRUDO \u00a020<\/strong><br \/>Ilmakuivattua kinkkua, parmesaanilastuja sek\u00e4 rucolaa<\/p>\r\n\t\t\t\t<\/div>\n\t\t\t\t<\/div>\n\t\t\t\t\t<\/div>\n\t\t\t\t<\/div>\n\t\t\t\t<\/div>\n\t\t\t\t<div data-elementor-type=\"loop-item\" data-elementor-id=\"364\" class=\"elementor elementor-364 e-loop-item e-loop-item-358 post-358 alacarte type-alacarte status-publish format-standard hentry\" data-elementor-post-type=\"elementor_library\" data-custom-edit-handle=\"1\">\n\t\t\t<div class=\"elementor-element elementor-element-5c61cc0 e-flex e-con-boxed e-con e-parent\" data-id=\"5c61cc0\" data-element_type=\"container\" data-e-type=\"container\" data-settings=\"{&quot;background_background&quot;:&quot;classic&quot;}\">\n\t\t\t\t\t<div class=\"e-con-inner\">\n\t\t<div class=\"elementor-element elementor-element-d34e627 e-con-full e-flex e-con e-child\" data-id=\"d34e627\" data-element_type=\"container\" data-e-type=\"container\" data-settings=\"{&quot;background_background&quot;:&quot;classic&quot;}\">\n\t\t\t\t<div class=\"elementor-element elementor-element-bfbe917 elementor-widget elementor-widget-heading\" data-id=\"bfbe917\" data-element_type=\"widget\" data-e-type=\"widget\" data-widget_type=\"heading.default\">\n\t\t\t\t\t<h3 class=\"elementor-heading-title elementor-size-default\">Dolci<\/h3>\t\t\t\t<\/div>\n\t\t\t\t<div class=\"elementor-element elementor-element-1763fca elementor-widget elementor-widget-theme-post-content\" data-id=\"1763fca\" data-element_type=\"widget\" data-e-type=\"widget\" data-widget_type=\"theme-post-content.default\">\n\t\t\t\t\t\r\n<p><strong>TIRAMIS\u00da 12<\/strong><br \/>Italialainen tiramis\u00fa kakku<\/p>\r\n\r\n\r\n\r\n<p><strong>CREME BRUL\u00c9E 11<\/strong><br \/>Vaniljaista paahtovanukasta sek\u00e4 marjoja<\/p>\r\n\r\n\r\n\r\n<p><strong>AFFOGATO AL CAFF\u00c9 10<\/strong><br \/>Vaniljaj\u00e4\u00e4tel\u00f6\u00e4 sek\u00e4 kuumaa espressoa<\/p>\r\n\r\n\r\n\r\n<p><strong>PANNA COTTA AL LIMOE 11<\/strong><br \/>Sitruuna panna cotta sek\u00e4 valkosuklaata<\/p>\r\n\r\n\r\n\r\n<p><strong>GELATO ITALIANO 12<\/strong><br \/>Artesaanij\u00e4\u00e4tel\u00f6annos sek\u00e4 mascarponevaahtoa<\/p>\r\n\t\t\t\t<\/div>\n\t\t\t\t<\/div>\n\t\t\t\t\t<\/div>\n\t\t\t\t<\/div>\n\t\t\t\t<\/div>\n\t\t\t\t<\/div>\n\t\t\n\t\t\t\t\t\t<\/div>\n\t\t\t\t<\/div>\n\t\t\t\t\t<\/div>\n\t\t\t\t<\/div>\n\t\t\t\t<\/div>\n\t\t","protected":false},"excerpt":{"rendered":"<p>A la carte<\/p>","protected":false},"author":1,"featured_media":0,"parent":0,"menu_order":0,"comment_status":"closed","ping_status":"closed","template":"","meta":{"_acf_changed":false,"footnotes":""},"class_list":["post-359","page","type-page","status-publish","hentry"],"acf":[],"yoast_head":"<!-- This site is optimized with the Yoast SEO plugin v27.3 - https:\/\/yoast.com\/product\/yoast-seo-wordpress\/ -->\n<title>A la carte | Punto e Pasta | Pala Italiaa Vantaan Tikkurilassa<\/title>\n<meta name=\"robots\" content=\"index, follow, max-snippet:-1, max-image-preview:large, max-video-preview:-1\" \/>\n<link rel=\"canonical\" href=\"https:\/\/puntoepasta.fi\/en\/a-la-carte\/\" \/>\n<meta property=\"og:locale\" content=\"en_GB\" \/>\n<meta property=\"og:type\" content=\"article\" \/>\n<meta property=\"og:title\" content=\"A la carte | Punto e Pasta | Pala Italiaa Vantaan Tikkurilassa\" \/>\n<meta property=\"og:description\" content=\"A la carte\" \/>\n<meta property=\"og:url\" content=\"https:\/\/puntoepasta.fi\/en\/a-la-carte\/\" \/>\n<meta property=\"og:site_name\" content=\"Punto e Pasta\" \/>\n<meta property=\"article:publisher\" content=\"https:\/\/www.facebook.com\/lapasteriaitaliana\/?locale=fi_FI\" \/>\n<meta property=\"article:modified_time\" content=\"2026-03-15T20:52:15+00:00\" \/>\n<meta property=\"og:image\" content=\"https:\/\/puntoepasta.fi\/wp-content\/uploads\/2026\/03\/punto-e-pasta-kuvituskuva-01.jpg\" \/>\n\t<meta property=\"og:image:width\" content=\"1316\" \/>\n\t<meta property=\"og:image:height\" content=\"1007\" \/>\n\t<meta property=\"og:image:type\" content=\"image\/jpeg\" \/>\n<meta name=\"twitter:card\" content=\"summary_large_image\" \/>\n<meta name=\"twitter:label1\" content=\"Estimated reading time\" \/>\n\t<meta name=\"twitter:data1\" content=\"2 minutes\" \/>\n<script type=\"application\/ld+json\" class=\"yoast-schema-graph\">{\"@context\":\"https:\\\/\\\/schema.org\",\"@graph\":[{\"@type\":\"WebPage\",\"@id\":\"https:\\\/\\\/puntoepasta.fi\\\/a-la-carte\\\/\",\"url\":\"https:\\\/\\\/puntoepasta.fi\\\/a-la-carte\\\/\",\"name\":\"A la carte | Punto e Pasta | Pala Italiaa Vantaan Tikkurilassa\",\"isPartOf\":{\"@id\":\"https:\\\/\\\/puntoepasta.fi\\\/#website\"},\"datePublished\":\"2026-03-12T09:53:14+00:00\",\"dateModified\":\"2026-03-15T20:52:15+00:00\",\"breadcrumb\":{\"@id\":\"https:\\\/\\\/puntoepasta.fi\\\/a-la-carte\\\/#breadcrumb\"},\"inLanguage\":\"en-GB\",\"potentialAction\":[{\"@type\":\"ReadAction\",\"target\":[\"https:\\\/\\\/puntoepasta.fi\\\/a-la-carte\\\/\"]}]},{\"@type\":\"BreadcrumbList\",\"@id\":\"https:\\\/\\\/puntoepasta.fi\\\/a-la-carte\\\/#breadcrumb\",\"itemListElement\":[{\"@type\":\"ListItem\",\"position\":1,\"name\":\"Etusivu\",\"item\":\"https:\\\/\\\/puntoepasta.fi\\\/\"},{\"@type\":\"ListItem\",\"position\":2,\"name\":\"A la carte\"}]},{\"@type\":\"WebSite\",\"@id\":\"https:\\\/\\\/puntoepasta.fi\\\/#website\",\"url\":\"https:\\\/\\\/puntoepasta.fi\\\/\",\"name\":\"Punto e Pasta\",\"description\":\"Pala Italiaa Vantaan  Tikkurilassa.\",\"publisher\":{\"@id\":\"https:\\\/\\\/puntoepasta.fi\\\/#organization\"},\"potentialAction\":[{\"@type\":\"SearchAction\",\"target\":{\"@type\":\"EntryPoint\",\"urlTemplate\":\"https:\\\/\\\/puntoepasta.fi\\\/?s={search_term_string}\"},\"query-input\":{\"@type\":\"PropertyValueSpecification\",\"valueRequired\":true,\"valueName\":\"search_term_string\"}}],\"inLanguage\":\"en-GB\"},{\"@type\":\"Organization\",\"@id\":\"https:\\\/\\\/puntoepasta.fi\\\/#organization\",\"name\":\"Punto e Pasta\",\"url\":\"https:\\\/\\\/puntoepasta.fi\\\/\",\"logo\":{\"@type\":\"ImageObject\",\"inLanguage\":\"en-GB\",\"@id\":\"https:\\\/\\\/puntoepasta.fi\\\/#\\\/schema\\\/logo\\\/image\\\/\",\"url\":\"https:\\\/\\\/puntoepasta.fi\\\/wp-content\\\/uploads\\\/2026\\\/03\\\/Punto-e-pasta-6.jpg\",\"contentUrl\":\"https:\\\/\\\/puntoepasta.fi\\\/wp-content\\\/uploads\\\/2026\\\/03\\\/Punto-e-pasta-6.jpg\",\"width\":2048,\"height\":1366,\"caption\":\"Punto e Pasta\"},\"image\":{\"@id\":\"https:\\\/\\\/puntoepasta.fi\\\/#\\\/schema\\\/logo\\\/image\\\/\"},\"sameAs\":[\"https:\\\/\\\/www.facebook.com\\\/lapasteriaitaliana\\\/?locale=fi_FI\",\"https:\\\/\\\/www.instagram.com\\\/puntoepastatikkurila\\\/?hl=fi#\"]}]}<\/script>\n<!-- \/ Yoast SEO plugin. -->","yoast_head_json":{"title":"A la carte | Punto e Pasta | Pala Italiaa Vantaan Tikkurilassa","robots":{"index":"index","follow":"follow","max-snippet":"max-snippet:-1","max-image-preview":"max-image-preview:large","max-video-preview":"max-video-preview:-1"},"canonical":"https:\/\/puntoepasta.fi\/en\/a-la-carte\/","og_locale":"en_GB","og_type":"article","og_title":"A la carte | Punto e Pasta | Pala Italiaa Vantaan Tikkurilassa","og_description":"A la carte","og_url":"https:\/\/puntoepasta.fi\/en\/a-la-carte\/","og_site_name":"Punto e Pasta","article_publisher":"https:\/\/www.facebook.com\/lapasteriaitaliana\/?locale=fi_FI","article_modified_time":"2026-03-15T20:52:15+00:00","og_image":[{"width":1316,"height":1007,"url":"https:\/\/puntoepasta.fi\/wp-content\/uploads\/2026\/03\/punto-e-pasta-kuvituskuva-01.jpg","type":"image\/jpeg"}],"twitter_card":"summary_large_image","twitter_misc":{"Estimated reading time":"2 minutes"},"schema":{"@context":"https:\/\/schema.org","@graph":[{"@type":"WebPage","@id":"https:\/\/puntoepasta.fi\/a-la-carte\/","url":"https:\/\/puntoepasta.fi\/a-la-carte\/","name":"A la carte | Punto e Pasta | Pala Italiaa Vantaan Tikkurilassa","isPartOf":{"@id":"https:\/\/puntoepasta.fi\/#website"},"datePublished":"2026-03-12T09:53:14+00:00","dateModified":"2026-03-15T20:52:15+00:00","breadcrumb":{"@id":"https:\/\/puntoepasta.fi\/a-la-carte\/#breadcrumb"},"inLanguage":"en-GB","potentialAction":[{"@type":"ReadAction","target":["https:\/\/puntoepasta.fi\/a-la-carte\/"]}]},{"@type":"BreadcrumbList","@id":"https:\/\/puntoepasta.fi\/a-la-carte\/#breadcrumb","itemListElement":[{"@type":"ListItem","position":1,"name":"Etusivu","item":"https:\/\/puntoepasta.fi\/"},{"@type":"ListItem","position":2,"name":"A la carte"}]},{"@type":"WebSite","@id":"https:\/\/puntoepasta.fi\/#website","url":"https:\/\/puntoepasta.fi\/","name":"Punto e Pasta","description":"Pala Italiaa Vantaan  Tikkurilassa.","publisher":{"@id":"https:\/\/puntoepasta.fi\/#organization"},"potentialAction":[{"@type":"SearchAction","target":{"@type":"EntryPoint","urlTemplate":"https:\/\/puntoepasta.fi\/?s={search_term_string}"},"query-input":{"@type":"PropertyValueSpecification","valueRequired":true,"valueName":"search_term_string"}}],"inLanguage":"en-GB"},{"@type":"Organization","@id":"https:\/\/puntoepasta.fi\/#organization","name":"Punto e Pasta","url":"https:\/\/puntoepasta.fi\/","logo":{"@type":"ImageObject","inLanguage":"en-GB","@id":"https:\/\/puntoepasta.fi\/#\/schema\/logo\/image\/","url":"https:\/\/puntoepasta.fi\/wp-content\/uploads\/2026\/03\/Punto-e-pasta-6.jpg","contentUrl":"https:\/\/puntoepasta.fi\/wp-content\/uploads\/2026\/03\/Punto-e-pasta-6.jpg","width":2048,"height":1366,"caption":"Punto e Pasta"},"image":{"@id":"https:\/\/puntoepasta.fi\/#\/schema\/logo\/image\/"},"sameAs":["https:\/\/www.facebook.com\/lapasteriaitaliana\/?locale=fi_FI","https:\/\/www.instagram.com\/puntoepastatikkurila\/?hl=fi#"]}]}},"_links":{"self":[{"href":"https:\/\/puntoepasta.fi\/en\/wp-json\/wp\/v2\/pages\/359","targetHints":{"allow":["GET"]}}],"collection":[{"href":"https:\/\/puntoepasta.fi\/en\/wp-json\/wp\/v2\/pages"}],"about":[{"href":"https:\/\/puntoepasta.fi\/en\/wp-json\/wp\/v2\/types\/page"}],"author":[{"embeddable":true,"href":"https:\/\/puntoepasta.fi\/en\/wp-json\/wp\/v2\/users\/1"}],"replies":[{"embeddable":true,"href":"https:\/\/puntoepasta.fi\/en\/wp-json\/wp\/v2\/comments?post=359"}],"version-history":[{"count":17,"href":"https:\/\/puntoepasta.fi\/en\/wp-json\/wp\/v2\/pages\/359\/revisions"}],"predecessor-version":[{"id":930,"href":"https:\/\/puntoepasta.fi\/en\/wp-json\/wp\/v2\/pages\/359\/revisions\/930"}],"wp:attachment":[{"href":"https:\/\/puntoepasta.fi\/en\/wp-json\/wp\/v2\/media?parent=359"}],"curies":[{"name":"wp","href":"https:\/\/api.w.org\/{rel}","templated":true}]}}