{"id":1008,"date":"2026-03-23T20:09:40","date_gmt":"2026-03-23T18:09:40","guid":{"rendered":"https:\/\/puntoepasta.fi\/tuote\/lahjakortti\/"},"modified":"2026-03-24T00:22:43","modified_gmt":"2026-03-23T22:22:43","slug":"lahjakortti","status":"publish","type":"product","link":"https:\/\/puntoepasta.fi\/en\/product\/lahjakortti\/","title":{"rendered":"Punto e Pasta gift card"},"content":{"rendered":"<p>Punto\u2019s delicious <strong>spring menu for two \u2013 now for a special price of \u20ac68. <\/strong><\/p>\n<p>You can also purchase a gift card for an amount of your choice.<\/p>\n<p><strong>Valid for 3 months from the date of purchase.<\/strong><\/p>","protected":false},"excerpt":{"rendered":"<p>Give the gift of Italian culinary delights. A rotating menu is available, as well as a gift card for an amount of your choice.<\/p>","protected":false},"featured_media":88,"comment_status":"open","ping_status":"closed","template":"","meta":{"_acf_changed":false},"product_brand":[],"product_cat":[27],"product_tag":[],"class_list":{"0":"post-1008","1":"product","2":"type-product","3":"status-publish","4":"has-post-thumbnail","6":"product_cat-yleinen","8":"first","9":"instock","10":"purchasable","11":"product-type-pw-gift-card","12":"has-default-attributes"},"acf":[],"yoast_head":"<!-- This site is optimized with the Yoast SEO plugin v27.3 - https:\/\/yoast.com\/product\/yoast-seo-wordpress\/ -->\n<title>Punto e Pasta -lahjakortti | Punto e Pasta | Pala Italiaa Vantaan Tikkurilassa<\/title>\n<meta name=\"description\" content=\"Punto e Pastn herkullinen kev\u00e4tmenu kahdelle nyt yhteishintaan 68\u20ac. Myynniss\u00e4 my\u00f6s lahjakortti valitsemallesi summalle. Osta t\u00e4\u00e4lt\u00e4!\" \/>\n<meta name=\"robots\" content=\"index, follow, max-snippet:-1, max-image-preview:large, max-video-preview:-1\" \/>\n<link rel=\"canonical\" href=\"https:\/\/puntoepasta.fi\/en\/product\/lahjakortti\/\" \/>\n<meta property=\"og:locale\" content=\"en_GB\" \/>\n<meta property=\"og:type\" content=\"article\" \/>\n<meta property=\"og:title\" content=\"Punto e Pasta -lahjakortti | Punto e Pasta | Pala Italiaa Vantaan Tikkurilassa\" \/>\n<meta property=\"og:description\" content=\"Punto e Pastn herkullinen kev\u00e4tmenu kahdelle nyt yhteishintaan 68\u20ac. Myynniss\u00e4 my\u00f6s lahjakortti valitsemallesi summalle. Osta t\u00e4\u00e4lt\u00e4!\" \/>\n<meta property=\"og:url\" content=\"https:\/\/puntoepasta.fi\/en\/product\/lahjakortti\/\" \/>\n<meta property=\"og:site_name\" content=\"Punto e Pasta\" \/>\n<meta property=\"article:publisher\" content=\"https:\/\/www.facebook.com\/lapasteriaitaliana\/?locale=fi_FI\" \/>\n<meta property=\"article:modified_time\" content=\"2026-03-23T22:22:43+00:00\" \/>\n<meta property=\"og:image\" content=\"https:\/\/puntoepasta.fi\/wp-content\/uploads\/2026\/03\/punto-e-pasta-kuvituskuva-01.jpg\" \/>\n\t<meta property=\"og:image:width\" content=\"1316\" \/>\n\t<meta property=\"og:image:height\" content=\"1007\" \/>\n\t<meta property=\"og:image:type\" content=\"image\/jpeg\" \/>\n<meta name=\"twitter:card\" content=\"summary_large_image\" \/>\n<meta name=\"twitter:label1\" content=\"Estimated reading time\" \/>\n\t<meta name=\"twitter:data1\" content=\"1 minute\" \/>\n<script type=\"application\/ld+json\" class=\"yoast-schema-graph\">{\"@context\":\"https:\\\/\\\/schema.org\",\"@graph\":[{\"@type\":\"WebPage\",\"@id\":\"https:\\\/\\\/puntoepasta.fi\\\/tuote\\\/lahjakortti\\\/\",\"url\":\"https:\\\/\\\/puntoepasta.fi\\\/tuote\\\/lahjakortti\\\/\",\"name\":\"Punto e Pasta -lahjakortti | Punto e Pasta | Pala Italiaa Vantaan Tikkurilassa\",\"isPartOf\":{\"@id\":\"https:\\\/\\\/puntoepasta.fi\\\/#website\"},\"primaryImageOfPage\":{\"@id\":\"https:\\\/\\\/puntoepasta.fi\\\/tuote\\\/lahjakortti\\\/#primaryimage\"},\"image\":{\"@id\":\"https:\\\/\\\/puntoepasta.fi\\\/tuote\\\/lahjakortti\\\/#primaryimage\"},\"thumbnailUrl\":\"https:\\\/\\\/puntoepasta.fi\\\/wp-content\\\/uploads\\\/2026\\\/03\\\/punto-e-pasta-kuvituskuva-01.jpg\",\"datePublished\":\"2026-03-23T18:09:40+00:00\",\"dateModified\":\"2026-03-23T22:22:43+00:00\",\"description\":\"Punto e Pastn herkullinen kev\u00e4tmenu kahdelle nyt yhteishintaan 68\u20ac. Myynniss\u00e4 my\u00f6s lahjakortti valitsemallesi summalle. Osta t\u00e4\u00e4lt\u00e4!\",\"breadcrumb\":{\"@id\":\"https:\\\/\\\/puntoepasta.fi\\\/tuote\\\/lahjakortti\\\/#breadcrumb\"},\"inLanguage\":\"en-GB\",\"potentialAction\":[{\"@type\":\"ReadAction\",\"target\":[\"https:\\\/\\\/puntoepasta.fi\\\/tuote\\\/lahjakortti\\\/\"]}]},{\"@type\":\"ImageObject\",\"inLanguage\":\"en-GB\",\"@id\":\"https:\\\/\\\/puntoepasta.fi\\\/tuote\\\/lahjakortti\\\/#primaryimage\",\"url\":\"https:\\\/\\\/puntoepasta.fi\\\/wp-content\\\/uploads\\\/2026\\\/03\\\/punto-e-pasta-kuvituskuva-01.jpg\",\"contentUrl\":\"https:\\\/\\\/puntoepasta.fi\\\/wp-content\\\/uploads\\\/2026\\\/03\\\/punto-e-pasta-kuvituskuva-01.jpg\",\"width\":1316,\"height\":1007},{\"@type\":\"BreadcrumbList\",\"@id\":\"https:\\\/\\\/puntoepasta.fi\\\/tuote\\\/lahjakortti\\\/#breadcrumb\",\"itemListElement\":[{\"@type\":\"ListItem\",\"position\":1,\"name\":\"Etusivu\",\"item\":\"https:\\\/\\\/puntoepasta.fi\\\/\"},{\"@type\":\"ListItem\",\"position\":2,\"name\":\"Kauppa\",\"item\":\"https:\\\/\\\/puntoepasta.fi\\\/kauppa\\\/\"},{\"@type\":\"ListItem\",\"position\":3,\"name\":\"Punto e Pasta -lahjakortti\"}]},{\"@type\":\"WebSite\",\"@id\":\"https:\\\/\\\/puntoepasta.fi\\\/#website\",\"url\":\"https:\\\/\\\/puntoepasta.fi\\\/\",\"name\":\"Punto e Pasta\",\"description\":\"Pala Italiaa Vantaan  Tikkurilassa.\",\"publisher\":{\"@id\":\"https:\\\/\\\/puntoepasta.fi\\\/#organization\"},\"potentialAction\":[{\"@type\":\"SearchAction\",\"target\":{\"@type\":\"EntryPoint\",\"urlTemplate\":\"https:\\\/\\\/puntoepasta.fi\\\/?s={search_term_string}\"},\"query-input\":{\"@type\":\"PropertyValueSpecification\",\"valueRequired\":true,\"valueName\":\"search_term_string\"}}],\"inLanguage\":\"en-GB\"},{\"@type\":\"Organization\",\"@id\":\"https:\\\/\\\/puntoepasta.fi\\\/#organization\",\"name\":\"Punto e Pasta\",\"url\":\"https:\\\/\\\/puntoepasta.fi\\\/\",\"logo\":{\"@type\":\"ImageObject\",\"inLanguage\":\"en-GB\",\"@id\":\"https:\\\/\\\/puntoepasta.fi\\\/#\\\/schema\\\/logo\\\/image\\\/\",\"url\":\"https:\\\/\\\/puntoepasta.fi\\\/wp-content\\\/uploads\\\/2026\\\/03\\\/Punto-e-pasta-6.jpg\",\"contentUrl\":\"https:\\\/\\\/puntoepasta.fi\\\/wp-content\\\/uploads\\\/2026\\\/03\\\/Punto-e-pasta-6.jpg\",\"width\":2048,\"height\":1366,\"caption\":\"Punto e Pasta\"},\"image\":{\"@id\":\"https:\\\/\\\/puntoepasta.fi\\\/#\\\/schema\\\/logo\\\/image\\\/\"},\"sameAs\":[\"https:\\\/\\\/www.facebook.com\\\/lapasteriaitaliana\\\/?locale=fi_FI\",\"https:\\\/\\\/www.instagram.com\\\/puntoepastatikkurila\\\/?hl=fi#\"]}]}<\/script>\n<!-- \/ Yoast SEO plugin. -->","yoast_head_json":{"title":"Punto e Pasta -lahjakortti | Punto e Pasta | Pala Italiaa Vantaan Tikkurilassa","description":"Punto e Pastn herkullinen kev\u00e4tmenu kahdelle nyt yhteishintaan 68\u20ac. Myynniss\u00e4 my\u00f6s lahjakortti valitsemallesi summalle. Osta t\u00e4\u00e4lt\u00e4!","robots":{"index":"index","follow":"follow","max-snippet":"max-snippet:-1","max-image-preview":"max-image-preview:large","max-video-preview":"max-video-preview:-1"},"canonical":"https:\/\/puntoepasta.fi\/en\/product\/lahjakortti\/","og_locale":"en_GB","og_type":"article","og_title":"Punto e Pasta -lahjakortti | Punto e Pasta | Pala Italiaa Vantaan Tikkurilassa","og_description":"Punto e Pastn herkullinen kev\u00e4tmenu kahdelle nyt yhteishintaan 68\u20ac. Myynniss\u00e4 my\u00f6s lahjakortti valitsemallesi summalle. Osta t\u00e4\u00e4lt\u00e4!","og_url":"https:\/\/puntoepasta.fi\/en\/product\/lahjakortti\/","og_site_name":"Punto e Pasta","article_publisher":"https:\/\/www.facebook.com\/lapasteriaitaliana\/?locale=fi_FI","article_modified_time":"2026-03-23T22:22:43+00:00","og_image":[{"width":1316,"height":1007,"url":"https:\/\/puntoepasta.fi\/wp-content\/uploads\/2026\/03\/punto-e-pasta-kuvituskuva-01.jpg","type":"image\/jpeg"}],"twitter_card":"summary_large_image","twitter_misc":{"Estimated reading time":"1 minute"},"schema":{"@context":"https:\/\/schema.org","@graph":[{"@type":"WebPage","@id":"https:\/\/puntoepasta.fi\/tuote\/lahjakortti\/","url":"https:\/\/puntoepasta.fi\/tuote\/lahjakortti\/","name":"Punto e Pasta -lahjakortti | Punto e Pasta | Pala Italiaa Vantaan Tikkurilassa","isPartOf":{"@id":"https:\/\/puntoepasta.fi\/#website"},"primaryImageOfPage":{"@id":"https:\/\/puntoepasta.fi\/tuote\/lahjakortti\/#primaryimage"},"image":{"@id":"https:\/\/puntoepasta.fi\/tuote\/lahjakortti\/#primaryimage"},"thumbnailUrl":"https:\/\/puntoepasta.fi\/wp-content\/uploads\/2026\/03\/punto-e-pasta-kuvituskuva-01.jpg","datePublished":"2026-03-23T18:09:40+00:00","dateModified":"2026-03-23T22:22:43+00:00","description":"Punto e Pastn herkullinen kev\u00e4tmenu kahdelle nyt yhteishintaan 68\u20ac. Myynniss\u00e4 my\u00f6s lahjakortti valitsemallesi summalle. Osta t\u00e4\u00e4lt\u00e4!","breadcrumb":{"@id":"https:\/\/puntoepasta.fi\/tuote\/lahjakortti\/#breadcrumb"},"inLanguage":"en-GB","potentialAction":[{"@type":"ReadAction","target":["https:\/\/puntoepasta.fi\/tuote\/lahjakortti\/"]}]},{"@type":"ImageObject","inLanguage":"en-GB","@id":"https:\/\/puntoepasta.fi\/tuote\/lahjakortti\/#primaryimage","url":"https:\/\/puntoepasta.fi\/wp-content\/uploads\/2026\/03\/punto-e-pasta-kuvituskuva-01.jpg","contentUrl":"https:\/\/puntoepasta.fi\/wp-content\/uploads\/2026\/03\/punto-e-pasta-kuvituskuva-01.jpg","width":1316,"height":1007},{"@type":"BreadcrumbList","@id":"https:\/\/puntoepasta.fi\/tuote\/lahjakortti\/#breadcrumb","itemListElement":[{"@type":"ListItem","position":1,"name":"Etusivu","item":"https:\/\/puntoepasta.fi\/"},{"@type":"ListItem","position":2,"name":"Kauppa","item":"https:\/\/puntoepasta.fi\/kauppa\/"},{"@type":"ListItem","position":3,"name":"Punto e Pasta -lahjakortti"}]},{"@type":"WebSite","@id":"https:\/\/puntoepasta.fi\/#website","url":"https:\/\/puntoepasta.fi\/","name":"Punto e Pasta","description":"Pala Italiaa Vantaan  Tikkurilassa.","publisher":{"@id":"https:\/\/puntoepasta.fi\/#organization"},"potentialAction":[{"@type":"SearchAction","target":{"@type":"EntryPoint","urlTemplate":"https:\/\/puntoepasta.fi\/?s={search_term_string}"},"query-input":{"@type":"PropertyValueSpecification","valueRequired":true,"valueName":"search_term_string"}}],"inLanguage":"en-GB"},{"@type":"Organization","@id":"https:\/\/puntoepasta.fi\/#organization","name":"Punto e Pasta","url":"https:\/\/puntoepasta.fi\/","logo":{"@type":"ImageObject","inLanguage":"en-GB","@id":"https:\/\/puntoepasta.fi\/#\/schema\/logo\/image\/","url":"https:\/\/puntoepasta.fi\/wp-content\/uploads\/2026\/03\/Punto-e-pasta-6.jpg","contentUrl":"https:\/\/puntoepasta.fi\/wp-content\/uploads\/2026\/03\/Punto-e-pasta-6.jpg","width":2048,"height":1366,"caption":"Punto e Pasta"},"image":{"@id":"https:\/\/puntoepasta.fi\/#\/schema\/logo\/image\/"},"sameAs":["https:\/\/www.facebook.com\/lapasteriaitaliana\/?locale=fi_FI","https:\/\/www.instagram.com\/puntoepastatikkurila\/?hl=fi#"]}]}},"_links":{"self":[{"href":"https:\/\/puntoepasta.fi\/en\/wp-json\/wp\/v2\/product\/1008","targetHints":{"allow":["GET"]}}],"collection":[{"href":"https:\/\/puntoepasta.fi\/en\/wp-json\/wp\/v2\/product"}],"about":[{"href":"https:\/\/puntoepasta.fi\/en\/wp-json\/wp\/v2\/types\/product"}],"replies":[{"embeddable":true,"href":"https:\/\/puntoepasta.fi\/en\/wp-json\/wp\/v2\/comments?post=1008"}],"wp:featuredmedia":[{"embeddable":true,"href":"https:\/\/puntoepasta.fi\/en\/wp-json\/wp\/v2\/media\/88"}],"wp:attachment":[{"href":"https:\/\/puntoepasta.fi\/en\/wp-json\/wp\/v2\/media?parent=1008"}],"wp:term":[{"taxonomy":"product_brand","embeddable":true,"href":"https:\/\/puntoepasta.fi\/en\/wp-json\/wp\/v2\/product_brand?post=1008"},{"taxonomy":"product_cat","embeddable":true,"href":"https:\/\/puntoepasta.fi\/en\/wp-json\/wp\/v2\/product_cat?post=1008"},{"taxonomy":"product_tag","embeddable":true,"href":"https:\/\/puntoepasta.fi\/en\/wp-json\/wp\/v2\/product_tag?post=1008"}],"curies":[{"name":"wp","href":"https:\/\/api.w.org\/{rel}","templated":true}]}}